{"id":799,"date":"2015-06-27T19:44:39","date_gmt":"2015-06-27T17:44:39","guid":{"rendered":"http:\/\/www.wordpress.vorarlberger-walservereinigung.at\/?page_id=799"},"modified":"2024-03-05T11:03:35","modified_gmt":"2024-03-05T10:03:35","slug":"walser-gemeinden-in-frankreich","status":"publish","type":"page","link":"https:\/\/www.vorarlberger-walservereinigung.at\/vwvwp\/walser-links\/andere-gemeinden\/walser-gemeinden-in-frankreich\/","title":{"rendered":"Walser Gemeinden in Frankreich"},"content":{"rendered":"\n<div class=\"wp-block-media-text is-stacked-on-mobile\"><figure class=\"wp-block-media-text__media\"><img loading=\"lazy\" decoding=\"async\" width=\"400\" height=\"300\" src=\"https:\/\/www.vorarlberger-walservereinigung.at\/vwvwp\/wp-content\/uploads\/2015\/06\/vallorcine.jpg\" alt=\"Vallorcine\" class=\"wp-image-816 size-full\" srcset=\"https:\/\/www.vorarlberger-walservereinigung.at\/vwvwp\/wp-content\/uploads\/2015\/06\/vallorcine.jpg 400w, https:\/\/www.vorarlberger-walservereinigung.at\/vwvwp\/wp-content\/uploads\/2015\/06\/vallorcine-300x225.jpg 300w, https:\/\/www.vorarlberger-walservereinigung.at\/vwvwp\/wp-content\/uploads\/2015\/06\/vallorcine-150x113.jpg 150w\" sizes=\"auto, (max-width: 400px) 100vw, 400px\" \/><\/figure><div class=\"wp-block-media-text__content\">\n<p>Relativ neu ist die Erkenntnis, da\u00df es auch in Frankreich Walsersiedlungen gegeben hat bzw. noch immer gibt.<\/p>\n\n\n\n<p>Einige Auswanderer verlie\u00dfen das Wallis in Richtung Westen, gelangten in die Hocht\u00e4ler von Savoyen und gr\u00fcndeten dort drei Siedlungen. Zwei davon hei\u00dfen noch immer &#8222;Les Allamands&#8220; (frz. &#8222;die Deutschen&#8220;), die dritte ist <!-- Links -->Vallorcine\n<!-- \/Links -->, am Col des Montets, dem \u00dcbergang von Martigny im Wallis nach Chamonix in Frankreich.<\/p>\n\n\n\n<p>Allerdings hat sich der Walser Dialekt in Savoyen nicht erhalten, sondern wurde bald von der franz\u00f6sischen Sprache abgel\u00f6st. Eine gro\u00dfe Zahl von Flurnamen deutschen Ursprungs und im Walliser Stil errichtete Geb\u00e4ude in Vallorcine weisen aber auf die Walser Herkunft hin. Vallorcine kann daher als die westlichste aller Walsersiedlungen angesehen werden.<\/p>\n<\/div><\/div>\n\n\n\n<div class=\"wp-block-buttons is-layout-flex wp-block-buttons-is-layout-flex\">\n<div class=\"wp-block-button has-custom-width wp-block-button__width-25 is-style-outline is-style-outline--1\"><a class=\"wp-block-button__link has-text-color has-link-color wp-element-button\" href=\"https:\/\/www.chamonix.com\/la-vallee\/les-stations-villages\/vallorcine\" style=\"color:#c30f1a\" target=\"_blank\" rel=\"noreferrer noopener\">Vallorcine<\/a><\/div>\n<\/div>\n","protected":false},"excerpt":{"rendered":"<p>Relativ neu ist die Erkenntnis, da\u00df es auch in Frankreich Walsersiedlungen gegeben hat bzw. noch immer gibt. Einige Auswanderer verlie\u00dfen das Wallis in Richtung Westen, gelangten in die Hocht\u00e4ler von Savoyen und gr\u00fcndeten dort drei Siedlungen. Zwei davon hei\u00dfen noch immer &#8222;Les Allamands&#8220; (frz. &#8222;die Deutschen&#8220;), die dritte ist Vallorcine , am Col des Montets, [&#8230;]<\/p>\n","protected":false},"author":1,"featured_media":0,"parent":776,"menu_order":0,"comment_status":"closed","ping_status":"closed","template":"","meta":{"ngg_post_thumbnail":0,"footnotes":""},"superkategorien":[],"class_list":["post-799","page","type-page","status-publish","hentry"],"_links":{"self":[{"href":"https:\/\/www.vorarlberger-walservereinigung.at\/vwvwp\/wp-json\/wp\/v2\/pages\/799","targetHints":{"allow":["GET"]}}],"collection":[{"href":"https:\/\/www.vorarlberger-walservereinigung.at\/vwvwp\/wp-json\/wp\/v2\/pages"}],"about":[{"href":"https:\/\/www.vorarlberger-walservereinigung.at\/vwvwp\/wp-json\/wp\/v2\/types\/page"}],"author":[{"embeddable":true,"href":"https:\/\/www.vorarlberger-walservereinigung.at\/vwvwp\/wp-json\/wp\/v2\/users\/1"}],"replies":[{"embeddable":true,"href":"https:\/\/www.vorarlberger-walservereinigung.at\/vwvwp\/wp-json\/wp\/v2\/comments?post=799"}],"version-history":[{"count":14,"href":"https:\/\/www.vorarlberger-walservereinigung.at\/vwvwp\/wp-json\/wp\/v2\/pages\/799\/revisions"}],"predecessor-version":[{"id":18849,"href":"https:\/\/www.vorarlberger-walservereinigung.at\/vwvwp\/wp-json\/wp\/v2\/pages\/799\/revisions\/18849"}],"up":[{"embeddable":true,"href":"https:\/\/www.vorarlberger-walservereinigung.at\/vwvwp\/wp-json\/wp\/v2\/pages\/776"}],"wp:attachment":[{"href":"https:\/\/www.vorarlberger-walservereinigung.at\/vwvwp\/wp-json\/wp\/v2\/media?parent=799"}],"wp:term":[{"taxonomy":"superkategorien","embeddable":true,"href":"https:\/\/www.vorarlberger-walservereinigung.at\/vwvwp\/wp-json\/wp\/v2\/superkategorien?post=799"}],"curies":[{"name":"wp","href":"https:\/\/api.w.org\/{rel}","templated":true}]}}