{"id":792,"date":"2015-06-27T19:43:33","date_gmt":"2015-06-27T17:43:33","guid":{"rendered":"http:\/\/www.wordpress.vorarlberger-walservereinigung.at\/?page_id=792"},"modified":"2017-06-05T17:42:06","modified_gmt":"2017-06-05T15:42:06","slug":"walser-gemeinden-in-anderen-schweizer-kantonen","status":"publish","type":"page","link":"https:\/\/www.vorarlberger-walservereinigung.at\/vwvwp\/walser-links\/andere-gemeinden\/walser-gemeinden-in-anderen-schweizer-kantonen\/","title":{"rendered":"Walser Gemeinden in der Schweiz"},"content":{"rendered":"<figure id=\"attachment_823\" aria-describedby=\"caption-attachment-823\" style=\"width: 300px\" class=\"wp-caption alignright\"><img loading=\"lazy\" decoding=\"async\" width=\"300\" height=\"225\" title=\"Simplon VS, das Walserdorf im Wallis\" class=\"wp-image-823 size-medium\" alt=\"Simplon VS\" src=\"https:\/\/www.vorarlberger-walservereinigung.at\/vwvwp\/wp-content\/uploads\/2015\/06\/simplon-2_kl-300x225.jpg\" srcset=\"https:\/\/www.vorarlberger-walservereinigung.at\/vwvwp\/wp-content\/uploads\/2015\/06\/simplon-2_kl.jpg 300w, https:\/\/www.vorarlberger-walservereinigung.at\/vwvwp\/wp-content\/uploads\/2015\/06\/simplon-2_kl-150x113.jpg 150w\" sizes=\"auto, (max-width: 300px) 100vw, 300px\" \/><figcaption id=\"caption-attachment-823\" class=\"wp-caption-text\">Simplon VS, das Walserdorf im Wallis<\/figcaption><\/figure>\n<p><img loading=\"lazy\" decoding=\"async\" width=\"100\" height=\"76\" class=\"alignleft size-full wp-image-837\" alt=\"schweiz_gr\" src=\"https:\/\/www.vorarlberger-walservereinigung.at\/vwvwp\/wp-content\/uploads\/2015\/06\/schweiz_gr.jpg\"><strong>Zur\u00fcck zu <a href=\"https:\/\/www.vorarlberger-walservereinigung.at\/vwvwp\/walser-links\/andere-gemeinden\/\" target=\"_top\">Andere Walser Gemeinden<\/a><\/strong><\/p>\n<p>Au\u00dfer in Graub\u00fcnden gibt es auch in&nbsp;anderen Schweizer Kantonen einige Walsersiedlungen. Manche davon stellen interessante Sonderf\u00e4lle dar. So ist <!-- Links -->Bosco Gurin TI\n<!-- \/Links --> die einzige Walsersiedlung im Tessin und bildet in diesem italienischsprachigen Kanton eine Sprachinsel des Walser Dialekts. Daher hat der Ort seinen Doppelnamen Bosco\/Gurin: Im Walser Dialekt hei\u00dft er Gurin, auf italienisch wird er Bosco (Wald) genannt.<\/p>\n<p>Einige Auswanderer zogen vom Wallis aus nach Norden und kamen ins Berner Oberland. Hier sind allerdings heute nur noch wenige Spuren der Walser Besiedlung zu finden. Unter den dortigen Walsersiedlungen sind jedoch bekannte Schiorte wie <!-- Links -->M\u00fcrren BE\n<!-- \/Links --> und <!-- Links -->Lauterbrunnen BE\n<!-- \/Links -->.<\/p>\n<p><!-- Links -->Simplon VS\n<!-- \/Links --> liegt im Kanton Wallis selbst und ist deshalb strenggenommen keine Walsersiedlung, da mit &#8222;Walser&#8220; nur die Auswanderer bezeichnet werden, die das Wallis seinerzeit verlassen haben, w\u00e4hrend die heute noch dort Ans\u00e4ssigen &#8222;Walliser&#8220; sind. Simplon liegt jedoch bereits auf der S\u00fcdseite des Simplonpasses und wurde erst 1308 im Zuge der Walserwanderungen gegr\u00fcndet, daher kann man es durchaus mit Recht als &#8222;Walserdorf im Wallis&#8220; ansehen.<\/p>\n<!-- Links -->Bosco Gurin TI\n<!-- \/Links -->\n<p>&nbsp;<\/p>\n","protected":false},"excerpt":{"rendered":"<p>Simplon VS, das Walserdorf im Wallis Zur\u00fcck zu Andere Walser Gemeinden Au\u00dfer in Graub\u00fcnden gibt es auch in&nbsp;anderen Schweizer Kantonen einige Walsersiedlungen. Manche davon stellen interessante Sonderf\u00e4lle dar. So ist Bosco Gurin TI die einzige Walsersiedlung im Tessin und bildet in diesem italienischsprachigen Kanton eine Sprachinsel des Walser Dialekts. Daher hat der Ort seinen Doppelnamen [&#8230;]<\/p>\n","protected":false},"author":1,"featured_media":0,"parent":776,"menu_order":0,"comment_status":"closed","ping_status":"closed","template":"","meta":{"ngg_post_thumbnail":0,"footnotes":""},"superkategorien":[],"class_list":["post-792","page","type-page","status-publish","hentry"],"_links":{"self":[{"href":"https:\/\/www.vorarlberger-walservereinigung.at\/vwvwp\/wp-json\/wp\/v2\/pages\/792","targetHints":{"allow":["GET"]}}],"collection":[{"href":"https:\/\/www.vorarlberger-walservereinigung.at\/vwvwp\/wp-json\/wp\/v2\/pages"}],"about":[{"href":"https:\/\/www.vorarlberger-walservereinigung.at\/vwvwp\/wp-json\/wp\/v2\/types\/page"}],"author":[{"embeddable":true,"href":"https:\/\/www.vorarlberger-walservereinigung.at\/vwvwp\/wp-json\/wp\/v2\/users\/1"}],"replies":[{"embeddable":true,"href":"https:\/\/www.vorarlberger-walservereinigung.at\/vwvwp\/wp-json\/wp\/v2\/comments?post=792"}],"version-history":[{"count":19,"href":"https:\/\/www.vorarlberger-walservereinigung.at\/vwvwp\/wp-json\/wp\/v2\/pages\/792\/revisions"}],"predecessor-version":[{"id":18884,"href":"https:\/\/www.vorarlberger-walservereinigung.at\/vwvwp\/wp-json\/wp\/v2\/pages\/792\/revisions\/18884"}],"up":[{"embeddable":true,"href":"https:\/\/www.vorarlberger-walservereinigung.at\/vwvwp\/wp-json\/wp\/v2\/pages\/776"}],"wp:attachment":[{"href":"https:\/\/www.vorarlberger-walservereinigung.at\/vwvwp\/wp-json\/wp\/v2\/media?parent=792"}],"wp:term":[{"taxonomy":"superkategorien","embeddable":true,"href":"https:\/\/www.vorarlberger-walservereinigung.at\/vwvwp\/wp-json\/wp\/v2\/superkategorien?post=792"}],"curies":[{"name":"wp","href":"https:\/\/api.w.org\/{rel}","templated":true}]}}