{"id":790,"date":"2015-06-27T19:42:55","date_gmt":"2015-06-27T17:42:55","guid":{"rendered":"http:\/\/www.wordpress.vorarlberger-walservereinigung.at\/?page_id=790"},"modified":"2017-06-05T17:40:31","modified_gmt":"2017-06-05T15:40:31","slug":"walser-gemeinden-in-graubuenden","status":"publish","type":"page","link":"https:\/\/www.vorarlberger-walservereinigung.at\/vwvwp\/walser-links\/andere-gemeinden\/walser-gemeinden-in-graubuenden\/","title":{"rendered":"Walser Gemeinden in Graub\u00fcnden"},"content":{"rendered":"<figure id=\"attachment_815\" aria-describedby=\"caption-attachment-815\" style=\"width: 300px\" class=\"wp-caption alignright\"><img loading=\"lazy\" decoding=\"async\" width=\"300\" height=\"200\" title=\"St. Ant\u00f6nien im Pr\u00e4ttigau\" class=\"wp-image-815 size-medium\" alt=\"St. Ant\u00f6nien im Pr\u00e4ttigau\" src=\"https:\/\/www.vorarlberger-walservereinigung.at\/vwvwp\/wp-content\/uploads\/2015\/06\/cimg0011-300x200.jpg\" srcset=\"https:\/\/www.vorarlberger-walservereinigung.at\/vwvwp\/wp-content\/uploads\/2015\/06\/cimg0011-300x200.jpg 300w, https:\/\/www.vorarlberger-walservereinigung.at\/vwvwp\/wp-content\/uploads\/2015\/06\/cimg0011-150x100.jpg 150w, https:\/\/www.vorarlberger-walservereinigung.at\/vwvwp\/wp-content\/uploads\/2015\/06\/cimg0011.jpg 800w\" sizes=\"auto, (max-width: 300px) 100vw, 300px\" \/><figcaption id=\"caption-attachment-815\" class=\"wp-caption-text\">St. Ant\u00f6nien im Pr\u00e4ttigau<\/figcaption><\/figure>\n<p><img loading=\"lazy\" decoding=\"async\" width=\"120\" height=\"150\" class=\"alignleft size-thumbnail wp-image-847\" alt=\"gr-wappen\" src=\"https:\/\/www.vorarlberger-walservereinigung.at\/vwvwp\/wp-content\/uploads\/2015\/06\/gr-wappen-120x150.png\"><strong>Zur\u00fcck zu <a href=\"https:\/\/www.vorarlberger-walservereinigung.at\/vwvwp\/walser-links\/andere-gemeinden\/\" target=\"_top\">Andere Walser Gemeinden<\/a><\/strong><\/p>\n<p>Die meisten Siedlungen mit Walser Urspr\u00fcngen befinden sich im Schweizer Kanton Graub\u00fcnden, der s\u00fcdlich an Vorarlberg angrenzt. In der <a href=\"http:\/\/www.walserverein-gr.ch\/\" target=\"_blank\" rel=\"noopener noreferrer\">Walservereinigung Graub\u00fcnden<\/a> sind aktuell 42 Gemeinden sehr unterschiedlicher Gr\u00f6\u00dfe organisiert. Oft bilden die Walsersiedlungen hier &#8222;Sprachinseln&#8220;, in denen sich der Walser Dialekt inmitten des r\u00e4toromanischen Sprachgebiets erhalten hat (z.B. <!-- Links -->Obersaxen GR\n<!-- \/Links -->, <!-- Links -->Vals GR\n<!-- \/Links -->). Vielfach leben die Walser hier T\u00fcr an T\u00fcr mit ihren r\u00e4toromanischen Nachbarn.<\/p>\n<p>Wahrscheinlich ist der Gro\u00dfteil der Einwanderer, die seinerzeit Vorarlberg besiedelt haben, aus Graub\u00fcnden gekommen und nicht direkt aus dem Wallis.<\/p>\n<p><!-- Links -->Juf GR\n<!-- \/Links --> im Avers ist mit 2126m Meeresh\u00f6he die h\u00f6chstgelegene Walsersiedlung und zugleich die h\u00f6chste dauerhaft bewohnte Siedlung Europas.<\/p>\n<!-- Links -->Arosa GR\n<!-- \/Links -->\n<p>&nbsp;<\/p>\n","protected":false},"excerpt":{"rendered":"<p>St. Ant\u00f6nien im Pr\u00e4ttigau Zur\u00fcck zu Andere Walser Gemeinden Die meisten Siedlungen mit Walser Urspr\u00fcngen befinden sich im Schweizer Kanton Graub\u00fcnden, der s\u00fcdlich an Vorarlberg angrenzt. In der Walservereinigung Graub\u00fcnden sind aktuell 42 Gemeinden sehr unterschiedlicher Gr\u00f6\u00dfe organisiert. Oft bilden die Walsersiedlungen hier &#8222;Sprachinseln&#8220;, in denen sich der Walser Dialekt inmitten des r\u00e4toromanischen Sprachgebiets erhalten [&#8230;]<\/p>\n","protected":false},"author":1,"featured_media":0,"parent":776,"menu_order":0,"comment_status":"closed","ping_status":"closed","template":"","meta":{"ngg_post_thumbnail":0,"footnotes":""},"superkategorien":[],"class_list":["post-790","page","type-page","status-publish","hentry"],"_links":{"self":[{"href":"https:\/\/www.vorarlberger-walservereinigung.at\/vwvwp\/wp-json\/wp\/v2\/pages\/790","targetHints":{"allow":["GET"]}}],"collection":[{"href":"https:\/\/www.vorarlberger-walservereinigung.at\/vwvwp\/wp-json\/wp\/v2\/pages"}],"about":[{"href":"https:\/\/www.vorarlberger-walservereinigung.at\/vwvwp\/wp-json\/wp\/v2\/types\/page"}],"author":[{"embeddable":true,"href":"https:\/\/www.vorarlberger-walservereinigung.at\/vwvwp\/wp-json\/wp\/v2\/users\/1"}],"replies":[{"embeddable":true,"href":"https:\/\/www.vorarlberger-walservereinigung.at\/vwvwp\/wp-json\/wp\/v2\/comments?post=790"}],"version-history":[{"count":20,"href":"https:\/\/www.vorarlberger-walservereinigung.at\/vwvwp\/wp-json\/wp\/v2\/pages\/790\/revisions"}],"predecessor-version":[{"id":12351,"href":"https:\/\/www.vorarlberger-walservereinigung.at\/vwvwp\/wp-json\/wp\/v2\/pages\/790\/revisions\/12351"}],"up":[{"embeddable":true,"href":"https:\/\/www.vorarlberger-walservereinigung.at\/vwvwp\/wp-json\/wp\/v2\/pages\/776"}],"wp:attachment":[{"href":"https:\/\/www.vorarlberger-walservereinigung.at\/vwvwp\/wp-json\/wp\/v2\/media?parent=790"}],"wp:term":[{"taxonomy":"superkategorien","embeddable":true,"href":"https:\/\/www.vorarlberger-walservereinigung.at\/vwvwp\/wp-json\/wp\/v2\/superkategorien?post=790"}],"curies":[{"name":"wp","href":"https:\/\/api.w.org\/{rel}","templated":true}]}}