{"id":776,"date":"2015-06-27T19:32:32","date_gmt":"2015-06-27T17:32:32","guid":{"rendered":"http:\/\/www.wordpress.vorarlberger-walservereinigung.at\/?page_id=776"},"modified":"2024-03-05T10:48:12","modified_gmt":"2024-03-05T09:48:12","slug":"andere-gemeinden","status":"publish","type":"page","link":"https:\/\/www.vorarlberger-walservereinigung.at\/vwvwp\/walser-links\/andere-gemeinden\/","title":{"rendered":"Andere Walser Gemeinden"},"content":{"rendered":"\n<div class=\"wp-block-media-text is-stacked-on-mobile\" style=\"grid-template-columns:20% auto\"><figure class=\"wp-block-media-text__media\"><img loading=\"lazy\" decoding=\"async\" width=\"130\" height=\"145\" src=\"https:\/\/www.vorarlberger-walservereinigung.at\/vwvwp\/wp-content\/uploads\/2015\/06\/6flaggen.gif\" alt=\"\" class=\"wp-image-857 size-full\"\/><\/figure><div class=\"wp-block-media-text__content\">\n<p>Au\u00dferhalb des Gebietes der Vorarlberger Walservereinigung gibt es viele weitere Walser Gemeinden. Im Laufe ihrer Wanderungen durch die Alpen zogen die Walser vom Wallis, ihrer urspr\u00fcnglichen Heimat, in alle Himmelsrichtungen und verteilten sich weitr\u00e4umig \u00fcber die <a href=\"https:\/\/www.vorarlberger-walservereinigung.at\/vwvwp\/walser-links\/andere-gemeinden\/walser-gemeinden-in-graubuenden\/\" target=\"_top\" rel=\"noopener\">Schweiz<\/a>, <a href=\"https:\/\/www.vorarlberger-walservereinigung.at\/vwvwp\/walser-links\/andere-gemeinden\/walser-gemeinden-in-italien\/\" target=\"_top\" rel=\"noopener\">Italien<\/a>, <a href=\"https:\/\/www.vorarlberger-walservereinigung.at\/vwvwp\/walser-links\/andere-gemeinden\/walser-gemeinden-in-frankreich\/\" target=\"_top\" rel=\"noopener\">Frankreich<\/a>, <a href=\"https:\/\/www.vorarlberger-walservereinigung.at\/vwvwp\/triesenberg\/\">Liechtenstein<\/a> und schlie\u00dflich <a href=\"https:\/\/www.vorarlberger-walservereinigung.at\/vwvwp\/?page_id=684\">\u00d6sterreich<\/a>.<\/p>\n<\/div><\/div>\n\n\n<div class=\"wp-block-image\">\n<figure class=\"alignright\"><img loading=\"lazy\" decoding=\"async\" width=\"300\" height=\"225\" src=\"https:\/\/www.vorarlberger-walservereinigung.at\/vwvwp\/wp-content\/uploads\/2015\/06\/cimg0077-300x225.jpg\" alt=\"Alagna Valsesia 2007\" class=\"wp-image-787\" title=\"Alagna Valsesia 2007\" srcset=\"https:\/\/www.vorarlberger-walservereinigung.at\/vwvwp\/wp-content\/uploads\/2015\/06\/cimg0077-300x225.jpg 300w, https:\/\/www.vorarlberger-walservereinigung.at\/vwvwp\/wp-content\/uploads\/2015\/06\/cimg0077-150x113.jpg 150w, https:\/\/www.vorarlberger-walservereinigung.at\/vwvwp\/wp-content\/uploads\/2015\/06\/cimg0077.jpg 800w\" sizes=\"auto, (max-width: 300px) 100vw, 300px\" \/><\/figure>\n<\/div>\n\n\n<p>\u00dcberall haben sie eine Vielzahl von Siedlungen gegr\u00fcndet, die zum gro\u00dfen Teil bis heute existieren. Unter den noch heute bewohnten Walser Gemeinden befinden sich weltber\u00fchmte Schiorte (<a href=\"https:\/\/www.gemeindedavos.ch\/de\/\" target=\"_blank\" rel=\"noreferrer noopener\">Davos<\/a>, <a href=\"http:\/\/www.klosters-serneus.ch\/\" target=\"_blank\" rel=\"noreferrer noopener\">Klosters<\/a>, <a href=\"https:\/\/www.gemeindearosa.ch\/\" target=\"_blank\" rel=\"noreferrer noopener\">Arosa<\/a>) ebenso wie die h\u00f6chstgelegene, dauerhaft bewohnte Siedlung Europas (<a href=\"http:\/\/www.gemeindeavers.ch\/\" target=\"_blank\" rel=\"noreferrer noopener\">Juf im Avers<\/a>). <a href=\"http:\/\/www.vallorcine.com\/\" target=\"_blank\" rel=\"noreferrer noopener\">Vallorcine<\/a> ist die am weitesten westlich gelegene Walsersiedlung und heute die einzige in Frankreich.<\/p>\n\n\n\n<p>Dar\u00fcber hinaus gibt es auch <a href=\"https:\/\/www.vorarlberger-walservereinigung.at\/vwvwp\/walser-links\/andere-gemeinden\/ehemalige-walsersiedlungen\/\" target=\"_top\" rel=\"noopener\">ehemalige Walsersiedlungen<\/a> wie etwa <a href=\"http:\/\/www.gerstruben.de\/\" target=\"_blank\" rel=\"noreferrer noopener\">Gerstruben<\/a>. In den Jahrhunderten nach den Walserwanderungen hat sich vielerorts das Klima verschlechtert, so da\u00df etliche Siedlungen keine ausreichende Lebensgrundlage mehr boten und wieder aufgegeben werden mu\u00dften. Die Links auf den folgenden Seiten verweisen auf die Webauftritte von einigen dieser Gemeinden, ohne jeden Anspruch auf Vollst\u00e4ndigkeit. Die Sammlung wird st\u00e4ndig erweitert.<\/p>\n\n\n<ul class=\"display-posts-listing\"><li class=\"listing-item\"><a class=\"title\" href=\"https:\/\/www.vorarlberger-walservereinigung.at\/vwvwp\/walser-links\/andere-gemeinden\/walser-gemeinden-in-graubuenden\/\">Walser Gemeinden in Graub\u00fcnden<\/a><\/li><li class=\"listing-item\"><a class=\"title\" href=\"https:\/\/www.vorarlberger-walservereinigung.at\/vwvwp\/walser-links\/andere-gemeinden\/walser-gemeinden-in-anderen-schweizer-kantonen\/\">Walser Gemeinden in der Schweiz<\/a><\/li><li class=\"listing-item\"><a class=\"title\" href=\"https:\/\/www.vorarlberger-walservereinigung.at\/vwvwp\/walser-links\/andere-gemeinden\/walser-gemeinden-in-italien\/\">Walser Gemeinden in Italien<\/a><\/li><li class=\"listing-item\"><a class=\"title\" href=\"https:\/\/www.vorarlberger-walservereinigung.at\/vwvwp\/walser-links\/andere-gemeinden\/walser-gemeinden-in-frankreich\/\">Walser Gemeinden in Frankreich<\/a><\/li><li class=\"listing-item\"><a class=\"title\" href=\"https:\/\/www.vorarlberger-walservereinigung.at\/vwvwp\/walser-links\/andere-gemeinden\/ehemalige-walsersiedlungen\/\">Ehemalige Walsersiedlungen<\/a><\/li><\/ul>\n","protected":false},"excerpt":{"rendered":"<p>Gerstruben im Allg\u00e4u Zur\u00fcck zu Andere Walser Gemeinden Es gibt eine Reihe von ehemaligen Walsersiedlungen, eine davon sogar in Deutschland (Gerstruben im Allg\u00e4u ) Einige dieser Siedlungen wurden irgendwann wieder aufgegeben, weil sich z.B. das Klima verschlechterte, und verfielen. Andere haben sich im Lauf der Zeit an ihre Umgebung angepa\u00dft, so da\u00df heute nur noch [&#8230;]<\/p>\n","protected":false},"author":1,"featured_media":0,"parent":2368,"menu_order":0,"comment_status":"closed","ping_status":"closed","template":"","meta":{"ngg_post_thumbnail":0,"footnotes":""},"superkategorien":[],"class_list":["post-776","page","type-page","status-publish","hentry"],"_links":{"self":[{"href":"https:\/\/www.vorarlberger-walservereinigung.at\/vwvwp\/wp-json\/wp\/v2\/pages\/776","targetHints":{"allow":["GET"]}}],"collection":[{"href":"https:\/\/www.vorarlberger-walservereinigung.at\/vwvwp\/wp-json\/wp\/v2\/pages"}],"about":[{"href":"https:\/\/www.vorarlberger-walservereinigung.at\/vwvwp\/wp-json\/wp\/v2\/types\/page"}],"author":[{"embeddable":true,"href":"https:\/\/www.vorarlberger-walservereinigung.at\/vwvwp\/wp-json\/wp\/v2\/users\/1"}],"replies":[{"embeddable":true,"href":"https:\/\/www.vorarlberger-walservereinigung.at\/vwvwp\/wp-json\/wp\/v2\/comments?post=776"}],"version-history":[{"count":19,"href":"https:\/\/www.vorarlberger-walservereinigung.at\/vwvwp\/wp-json\/wp\/v2\/pages\/776\/revisions"}],"predecessor-version":[{"id":18844,"href":"https:\/\/www.vorarlberger-walservereinigung.at\/vwvwp\/wp-json\/wp\/v2\/pages\/776\/revisions\/18844"}],"up":[{"embeddable":true,"href":"https:\/\/www.vorarlberger-walservereinigung.at\/vwvwp\/wp-json\/wp\/v2\/pages\/2368"}],"wp:attachment":[{"href":"https:\/\/www.vorarlberger-walservereinigung.at\/vwvwp\/wp-json\/wp\/v2\/media?parent=776"}],"wp:term":[{"taxonomy":"superkategorien","embeddable":true,"href":"https:\/\/www.vorarlberger-walservereinigung.at\/vwvwp\/wp-json\/wp\/v2\/superkategorien?post=776"}],"curies":[{"name":"wp","href":"https:\/\/api.w.org\/{rel}","templated":true}]}}