{"id":734,"date":"2015-06-27T16:10:56","date_gmt":"2015-06-27T14:10:56","guid":{"rendered":"http:\/\/www.wordpress.vorarlberger-walservereinigung.at\/?page_id=734"},"modified":"2024-04-17T17:10:11","modified_gmt":"2024-04-17T15:10:11","slug":"impressum","status":"publish","type":"page","link":"https:\/\/www.vorarlberger-walservereinigung.at\/vwvwp\/walservereinigung\/impressum\/","title":{"rendered":"Impressum"},"content":{"rendered":"\n<h2 class=\"wp-block-heading\">Medieninhaber und Herausgeber<\/h2>\n\n\n\n<p>Vorarlberger Walservereinigung<br>ZVR: 224912615<br>Walserstra\u00dfe 333<br>A-6993 Mittelberg<\/p>\n\n\n\n<p>Kontakt: sekretariat@vorarlberger-walservereinigung.at<br>Web: <a href=\"https:\/\/www.vorarlberger-walservereinigung.at\/\" target=\"_top\" rel=\"noopener noreferrer\">www.vorarlberger-walservereinigung.at<\/a><\/p>\n\n\n\n<h3 class=\"wp-block-heading\">Organschaftliche Vertreter<\/h3>\n\n\n\n<p>Obmann: Josef T\u00fcrtscher<br>Obmann Stellvertreterin: Monika Bischof<br>Schriftf\u00fchrerin: Cilly Nesensohn<br>Kassier: Stefan Heim<\/p>\n\n\n\n<h3 class=\"wp-block-heading\"><small>Bankverbindung:<\/small><\/h3>\n\n\n\n<p><small>IBAN:&nbsp;<b>AT83&nbsp;3743&nbsp;4000&nbsp;0011&nbsp;6822<\/b><br>BIC:&nbsp;<b>RANJAT2B<\/b><br>Bank:&nbsp;<b>Walser&nbsp;Raiffeisenbank<\/b><br>Creditor&nbsp;ID:&nbsp;<b>AT84VWV00000006669<\/b><\/small><\/p>\n\n\n\n<hr class=\"wp-block-separator has-alpha-channel-opacity\"\/>\n\n\n\n<h2 class=\"wp-block-heading\">Vereinszweck<\/h2>\n\n\n\n<p>Der Verein Vorarlberger Walservereinigung ist nicht auf Gewinn ausgerichtet und bezweckt:<\/p>\n\n\n\n<ul class=\"wp-block-list\">\n<li>Die F\u00f6rderung aller kultureller Aktivit\u00e4ten im Sinne des Walsertumes<\/li>\n\n\n\n<li>Die Vertretung bei der Internationalen Vereinigung f\u00fcr Walsertum mit Sitz in Brig<\/li>\n\n\n\n<li>Die Vertretung und F\u00f6rderung der Interessen der Vorarlberger, Tiroler und Liechtensteiner Walser<\/li>\n\n\n\n<li>Die Herausgabe der Halbjahreszeitschrift \u201eWalserheimat in Vorarlberg, Tirol und Liechtenstein\u201c<\/li>\n<\/ul>\n\n\n\n<p><strong>Bildnachweis<\/strong><\/p>\n\n\n\n<p>\u00a9 Header Galt\u00fcr -Ortsansicht Galt\u00fcr Sommer | Winter Tourismusverband Paznaun &#8211; Ischgl | Fotograf: Stefan K\u00fcrzi<br>\u00a9 Header Silbertal &#8211; Ortsansicht Silbertal Sommer | Gemeinde Silbertal<br>\u00a9 Header Silbertal &#8211; Ortsansicht Silbertal Winter | PATRICK SAELY PHOTOGRAPHY<br>\u00a9 Header Fontanella &#8211; Ortsansicht Fontanella Sommer | Fotograf: Elmar Stark<br>\u00a9 Header Fontanella &#8211; Ortsansicht Fontanella Winter | Fotograf: Katharina Stark<br>\u00a9 Kleinwalsertal Tourismus eGen | Fotograf: Steffen Berschin<br>\u00a9 Alpenregion Bludenz Tourismus GmbH | Melanie Fleisch<br>\u00a9 Lech Z\u00fcrs Tourismus<br>\u00a9 Kleinwalsertal Tourismus eGen | Hans Wiesenhofer<br>\u00a9 Warth-Schr\u00f6cken Tourismus | Fotograf_Ratko Medienagentur &#8211; ratko.at<br>\u00a9 Header B\u00fcrserberg &#8211; Ortsansicht im Sommer | Alpenregion Bludenz Tourismus GmbH | Fotograf: Roman N\u00f6stler<br>\u00a9 Header B\u00fcrserberg &#8211; Tschengla und Alpe Rona | Alpenregion Bludenz Tourismus GmbH | Fotograf: Alex Kaiser<br>\u00a9 Jodok M\u00fcller<br>\u00a9 Header Chroniken Walsergemeinden unsplash | Eduardo Olszewski<br>\u00a9 Header Ebnit &#8211; Ortsansicht Sommer | Winter Fotograf Mario Peter<br>\u00a9 Header Raggal &#8211; Ortsansicht Sommer| Fotograf Siegmar Zech<br>\u00a9 Header Raggal &#8211; Ortsansicht Winter | Fotograf Thomas Schwarz<br>\u00a9 Header Th\u00fcringerberg &#8211; Ortsansichen | Gemeinde Th\u00fcringerberg<br>\u00a9 Header Warth &#8211; Ortsansicht Sommer | Warth- Schr\u00f6cken Tourismus | Fotograf: Sebastian Stiphout<br>\u00a9 Header Warth  &#8211; Ortsansicht Winter | Warth- Schr\u00f6cken Tourismus | Ratko Fotografie<\/p>\n\n\n\n<hr class=\"wp-block-separator has-alpha-channel-opacity\"\/>\n\n\n\n<h2 class=\"wp-block-heading\"><strong>Haftungsausschluss<\/strong><\/h2>\n\n\n\n<h3 class=\"wp-block-heading\">1. Inhalt des Onlineangebotes<\/h3>\n\n\n\n<p>Die Autoren \u00fcbernehmen keinerlei Gew\u00e4hr f\u00fcr die Aktualit\u00e4t, Korrektheit, Vollst\u00e4ndigkeit oder Qualit\u00e4t der bereitgestellten Informationen. Haftungsanspr\u00fcche gegen die Autoren, welche sich auf Sch\u00e4den materieller oder ideeller Art beziehen, die durch die Nutzung oder Nichtnutzung der dargebotenen Informationen bzw. durch die Nutzung fehlerhafter und unvollst\u00e4ndiger Informationen verursacht wurden, sind grunds\u00e4tzlich ausgeschlossen, sofern seitens der Autoren kein nachweislich vors\u00e4tzliches oder grob fahrl\u00e4ssiges Verschulden vorliegt.<br>Alle Angebote sind freibleibend und unverbindlich. Die Autoren behalten es sich ausdr\u00fccklich vor, Teile der Seiten oder das gesamte Angebot ohne gesonderte Ank\u00fcndigung zu ver\u00e4ndern, zu erg\u00e4nzen, zu l\u00f6schen oder die Ver\u00f6ffentlichung zeitweise oder endg\u00fcltig einzustellen.<\/p>\n\n\n\n<h3 class=\"wp-block-heading\">2. Verweise und Links<\/h3>\n\n\n\n<p>F\u00fcr Inhalte auf anderen Websites, zu denen Sie von unseren Sites per Link weitergeleitet werden, \u00fcbernehmen wir sowohl f\u00fcr die Gew\u00e4hrung des Datenschutzes als auch f\u00fcr deren Inhalte keine Verantwortung.<\/p>\n\n\n\n<h3 class=\"wp-block-heading\">3. Urheber- und Kennzeichenrecht<\/h3>\n\n\n\n<p>Die Autoren sind bestrebt, in allen Publikationen die Urheberrechte der verwendeten Bilder, Grafiken, Tondokumente, Videosequenzen und Texte zu beachten, von ihnen selbst erstellte Bilder, Grafiken, Tondokumente, Videosequenzen und Texte zu nutzen oder auf lizenzfreie Grafiken, Tondokumente, Videosequenzen und Texte zur\u00fcckzugreifen.<br>Alle innerhalb des Internetangebotes genannten und ggf. durch Dritte gesch\u00fctzten Marken- und Warenzeichen unterliegen uneingeschr\u00e4nkt den Bestimmungen des jeweils g\u00fcltigen Kennzeichenrechts und den Besitzrechten der jeweiligen eingetragenen Eigent\u00fcmer. Allein aufgrund der blo\u00dfen Nennung ist nicht der Schluss zu ziehen, dass Markenzeichen nicht durch Rechte Dritter gesch\u00fctzt sind!<br>Das Copyright f\u00fcr ver\u00f6ffentlichte, von den Autoren selbst erstellte Objekte bleiben allein bei den Autoren der Seiten. Eine Vervielf\u00e4ltigung oder Verwendung solcher Grafiken, Tondokumente, Videosequenzen und Texte in anderen elektronischen oder gedruckten Publikationen ist ohne ausdr\u00fcckliche Zustimmung der Autoren nicht gestattet.<\/p>\n\n\n\n<h3 class=\"wp-block-heading\">4. Datenschutz<\/h3>\n\n\n\n<p>Sofern innerhalb des Internetangebotes die M\u00f6glichkeit zur Eingabe pers\u00f6nlicher oder gesch\u00e4ftlicher Daten (Emailadressen, Namen, Anschriften) besteht, so erfolgt die Preisgabe dieser Daten seitens des Nutzers auf ausdr\u00fccklich freiwilliger Basis. Die Inanspruchnahme und Bezahlung aller angebotenen Dienste ist \u2013 soweit technisch m\u00f6glich und zumutbar \u2013 auch ohne Angabe solcher Daten bzw. unter Angabe anonymisierter Daten oder eines Pseudonyms gestattet. Die Nutzung der im Rahmen des Impressums oder vergleichbarer Angaben ver\u00f6ffentlichten Kontaktdaten wie Postanschriften, Telefon- und Faxnummern sowie Emailadressen durch Dritte zur \u00dcbersendung von nicht ausdr\u00fccklich angeforderten Informationen ist nicht gestattet. Rechtliche Schritte gegen die Versender von sogenannten Spam-Mails bei Verst\u00f6ssen gegen dieses Verbot sind ausdr\u00fccklich vorbehalten.<\/p>\n\n\n\n<h3 class=\"wp-block-heading\">5. Rechtswirksamkeit dieses Haftungsausschlusses<\/h3>\n\n\n\n<p>Dieser Haftungsausschluss ist als Teil des Internetangebotes zu betrachten, von dem aus auf diese Seite verwiesen wurde. Sofern Teile oder einzelne Formulierungen dieses Textes der geltenden Rechtslage nicht, nicht mehr oder nicht vollst\u00e4ndig entsprechen sollten, bleiben die \u00fcbrigen Teile des Dokumentes in ihrem Inhalt und ihrer G\u00fcltigkeit davon unber\u00fchrt.<\/p>\n","protected":false},"excerpt":{"rendered":"<p>Medieninhaber und Herausgeber Vorarlberger WalservereinigungZVR: 224912615Walserstra\u00dfe 333A-6993 Mittelberg Kontakt: sekretariat@vorarlberger-walservereinigung.atWeb: www.vorarlberger-walservereinigung.at Organschaftliche Vertreter Obmann: Josef T\u00fcrtscherObmann Stellvertreterin: Monika BischofSchriftf\u00fchrerin: Cilly NesensohnKassier: Stefan Heim Bankverbindung: IBAN:&nbsp;AT83&nbsp;3743&nbsp;4000&nbsp;0011&nbsp;6822BIC:&nbsp;RANJAT2BBank:&nbsp;Walser&nbsp;RaiffeisenbankCreditor&nbsp;ID:&nbsp;AT84VWV00000006669 Vereinszweck Der Verein Vorarlberger Walservereinigung ist nicht auf Gewinn ausgerichtet und bezweckt: Die F\u00f6rderung aller kultureller Aktivit\u00e4ten im Sinne des Walsertumes Die Vertretung bei der Internationalen Vereinigung f\u00fcr Walsertum mit [&#8230;]<\/p>\n","protected":false},"author":1,"featured_media":0,"parent":2356,"menu_order":0,"comment_status":"closed","ping_status":"closed","template":"","meta":{"ngg_post_thumbnail":0,"footnotes":""},"superkategorien":[],"class_list":["post-734","page","type-page","status-publish","hentry"],"_links":{"self":[{"href":"https:\/\/www.vorarlberger-walservereinigung.at\/vwvwp\/wp-json\/wp\/v2\/pages\/734","targetHints":{"allow":["GET"]}}],"collection":[{"href":"https:\/\/www.vorarlberger-walservereinigung.at\/vwvwp\/wp-json\/wp\/v2\/pages"}],"about":[{"href":"https:\/\/www.vorarlberger-walservereinigung.at\/vwvwp\/wp-json\/wp\/v2\/types\/page"}],"author":[{"embeddable":true,"href":"https:\/\/www.vorarlberger-walservereinigung.at\/vwvwp\/wp-json\/wp\/v2\/users\/1"}],"replies":[{"embeddable":true,"href":"https:\/\/www.vorarlberger-walservereinigung.at\/vwvwp\/wp-json\/wp\/v2\/comments?post=734"}],"version-history":[{"count":19,"href":"https:\/\/www.vorarlberger-walservereinigung.at\/vwvwp\/wp-json\/wp\/v2\/pages\/734\/revisions"}],"predecessor-version":[{"id":19100,"href":"https:\/\/www.vorarlberger-walservereinigung.at\/vwvwp\/wp-json\/wp\/v2\/pages\/734\/revisions\/19100"}],"up":[{"embeddable":true,"href":"https:\/\/www.vorarlberger-walservereinigung.at\/vwvwp\/wp-json\/wp\/v2\/pages\/2356"}],"wp:attachment":[{"href":"https:\/\/www.vorarlberger-walservereinigung.at\/vwvwp\/wp-json\/wp\/v2\/media?parent=734"}],"wp:term":[{"taxonomy":"superkategorien","embeddable":true,"href":"https:\/\/www.vorarlberger-walservereinigung.at\/vwvwp\/wp-json\/wp\/v2\/superkategorien?post=734"}],"curies":[{"name":"wp","href":"https:\/\/api.w.org\/{rel}","templated":true}]}}