{"id":648,"date":"2015-06-27T14:25:05","date_gmt":"2015-06-27T12:25:05","guid":{"rendered":"http:\/\/www.wordpress.vorarlberger-walservereinigung.at\/?page_id=648"},"modified":"2024-03-04T17:08:44","modified_gmt":"2024-03-04T16:08:44","slug":"siedlungen","status":"publish","type":"page","link":"https:\/\/www.vorarlberger-walservereinigung.at\/vwvwp\/die-walser\/siedlungen\/","title":{"rendered":"Besiedlung"},"content":{"rendered":"<div class=\"wp-block-image\">\n<figure class=\"alignleft\"><img loading=\"lazy\" decoding=\"async\" width=\"300\" height=\"225\" src=\"https:\/\/www.vorarlberger-walservereinigung.at\/vwvwp\/wp-content\/uploads\/2017\/03\/hof-300x225.jpg\" alt=\"\" class=\"wp-image-11566\" srcset=\"https:\/\/www.vorarlberger-walservereinigung.at\/vwvwp\/wp-content\/uploads\/2017\/03\/hof-300x225.jpg 300w, https:\/\/www.vorarlberger-walservereinigung.at\/vwvwp\/wp-content\/uploads\/2017\/03\/hof-150x112.jpg 150w, https:\/\/www.vorarlberger-walservereinigung.at\/vwvwp\/wp-content\/uploads\/2017\/03\/hof.jpg 314w\" sizes=\"auto, (max-width: 300px) 100vw, 300px\" \/><\/figure>\n<\/div>\n\n\n<p>Als die auswandernden Walser Familien in ihrer neuen Heimat ankamen, waren die gut bebaubaren Fl\u00e4chen von der alteingesessenen, mehrheitlich romanischen, aber auch niederalemannischen Bev\u00f6lkerung l\u00e4ngst besetzt. So blieben ihnen nur die unwirtlichen Gebirgsgegenden, die oft \u00fcber 1500 m, im Avers gar \u00fcber 2000 m Meeresh\u00f6he liegen. Juf im Avers auf 2150 m Meeresh\u00f6he ist der h\u00f6chstgelegene, ganzj\u00e4hrig bewohnte Ort Europas. Die Wanderungen der Walser, die durch das im 14. Jahrhundert herrschende milde Klima beg\u00fcnstigt wurden, f\u00fchrten vom Oberwallis nach Norden ins Haslital des Berner Oberlandes, nach Westen ins franz\u00f6sische Chablais und vor allem \u00fcber die P\u00e4sse des Monte-Rosa-Massivs nach S\u00fcden in die hohen oberitalienischen Alpent\u00e4ler nach <a href=\"https:\/\/www.comune.gressoneystjean.ao.it\/it-it\/home\" target=\"_blank\" rel=\"noreferrer noopener\">Gressoney<\/a> (Greschunei) , <a href=\"https:\/\/www.comune.alagna.pv.it\/it-it\/home\" target=\"_blank\" rel=\"noreferrer noopener\">Alagna<\/a> (Im Land), <a href=\"https:\/\/www.comune.macugnaga.vb.it\/it-it\/home\" target=\"_blank\" rel=\"noreferrer noopener\">Macugnaga<\/a> (Makan\u00e1), <a href=\"https:\/\/www.comune.ornavasso.vb.it\/it-it\/home\" target=\"_blank\" rel=\"noreferrer noopener\">Ornavasso<\/a> (Urnaf\u00e1sch), <a href=\"http:\/\/www.comune.rimasangiuseppe.vc.it\/\" target=\"_blank\" rel=\"noreferrer noopener\">Rima<\/a>, Rimella, ins <a href=\"https:\/\/www.comune.formazza.vb.it\/it-it\/home\" target=\"_blank\" rel=\"noreferrer noopener\">Formazza<\/a> (Pomatt) und ins tessinische <a href=\"https:\/\/www.bosco-gurin.ch\/de\/gemeinde\">Bosco Gurin<\/a> (S\u00fcdwalser). In mindestens drei verschiedenen Sch\u00fcben zogen die deutschsprachigen Siedler alsbald ostw\u00e4rts nach <a href=\"https:\/\/www.obersaxenmundaun.swiss\/home\/\" target=\"_blank\" rel=\"noreferrer noopener\">Obersaxen<\/a>, ins\u00a0Rheinwald und ans Landwasser bei <a href=\"https:\/\/www.gemeindedavos.ch\/\" target=\"_blank\" rel=\"noreferrer noopener\">Davos<\/a>. Von diesen &#8222;Stammkolonien&#8220; setzten sich die Wanderungen fort: vom Rheinwald nach <a href=\"https:\/\/vals.ch\/\" target=\"_blank\" rel=\"noreferrer noopener\">Vals<\/a> (GR), <a href=\"https:\/\/safiental.ch\/DE\/home.html\" target=\"_blank\" rel=\"noreferrer noopener\">Safien<\/a> (GR), <a href=\"https:\/\/gemeindeavers.ch\/\" target=\"_blank\" rel=\"noreferrer noopener\">Avers<\/a> (GR) und <a href=\"https:\/\/mutten.ch\/\">M<\/a><a href=\"https:\/\/mutten.ch\/\" target=\"_blank\" rel=\"noreferrer noopener\">u<\/a><a href=\"https:\/\/mutten.ch\/\">tten<\/a> (GR); von Davos nach <a href=\"https:\/\/www.gemeindeklosters.ch\/\" target=\"_blank\" rel=\"noreferrer noopener\">Klosters<\/a> (GR)\u00a0und ins Pr\u00e4ttigau mit <a href=\"https:\/\/www.luzein.ch\/de\" target=\"_blank\" rel=\"noreferrer noopener\">St. Ant\u00f6nien<\/a>, <a href=\"https:\/\/furna.ch\/\" target=\"_blank\" rel=\"noreferrer noopener\">Furna<\/a> (GR),\u00a0Valzeina\u00a0sowie ins benachbarte Schanfigg. Wenig gekl\u00e4rt ist der Wanderweg ins St. Galler Oberland nach Palfris, ins Calfeisen- und Wei\u00dftannental. Aufgrund von Sprachvergleichen ist es wahrscheinlich, dass die Walser von Davos aus auch <a href=\"https:\/\/www.vorarlberger-walservereinigung.at\/vwvwp\/triesenberg\/\">Triesenberg<\/a> in Liechtenstein und die <a href=\"https:\/\/www.vorarlberger-walservereinigung.at\/vwvwp\/walsergemeinden-in-vorarlberg-tirol-und-liechtenstein\/\">Walserorte<\/a> in Vorarlberg und Tirol erreichten. Am Ende des 14. Jahrhunderts endete die sp\u00e4tmittelalterliche, inneralpine V\u00f6lkerwanderung im <a href=\"https:\/\/www.vorarlberger-walservereinigung.at\/vwvwp\/mittelberg\/\">Kleinen Walsertal <\/a>(Ostwalser).<\/p>\n\n\n<div class=\"wp-block-image\">\n<figure class=\"aligncenter\"><a href=\"https:\/\/www.vorarlberger-walservereinigung.at\/vwvwp\/wp-content\/uploads\/2017\/05\/walsersiedlungen.jpg\"><img loading=\"lazy\" decoding=\"async\" width=\"1024\" height=\"730\" src=\"https:\/\/www.vorarlberger-walservereinigung.at\/vwvwp\/wp-content\/uploads\/2017\/05\/walsersiedlungen-1024x730.jpg\" alt=\"\" class=\"wp-image-12269\" srcset=\"https:\/\/www.vorarlberger-walservereinigung.at\/vwvwp\/wp-content\/uploads\/2017\/05\/walsersiedlungen-1024x730.jpg 1024w, https:\/\/www.vorarlberger-walservereinigung.at\/vwvwp\/wp-content\/uploads\/2017\/05\/walsersiedlungen-300x214.jpg 300w, https:\/\/www.vorarlberger-walservereinigung.at\/vwvwp\/wp-content\/uploads\/2017\/05\/walsersiedlungen-768x548.jpg 768w, https:\/\/www.vorarlberger-walservereinigung.at\/vwvwp\/wp-content\/uploads\/2017\/05\/walsersiedlungen-150x107.jpg 150w, https:\/\/www.vorarlberger-walservereinigung.at\/vwvwp\/wp-content\/uploads\/2017\/05\/walsersiedlungen.jpg 1586w\" sizes=\"auto, (max-width: 1024px) 100vw, 1024px\" \/><\/a><figcaption class=\"wp-element-caption\">Walser Siedlungen im Alpenraum<\/figcaption><\/figure>\n<\/div>\n\n\n<h2 class=\"wp-block-heading\"><strong>Siedlungs- und Bauweise<\/strong><\/h2>\n\n\n\n<p>Es existieren diverse Klischeevorstellungen wie z.B.: Walser als Individualisten leben in Streusiedlungen, Romanen dagegen in geschlossenen D\u00f6rfern. Oder: Walser bauen nur Holzh\u00e4user, Romanen dagegen Steinh\u00e4user. Richtig ist nur, dass Holzbauten und Streusiedlungen bei den Walsern besonders h\u00e4ufig anzutreffen sind. Da in den H\u00f6henlagen der Bedarf an Heufl\u00e4chen hoch ist, um das notwendige Viehfutter zu sammeln, waren die walserischen Bauerngeh\u00f6fte oft weit verstreut. Wo das Gel\u00e4nde jedoch eine Streuung nicht zulie\u00df, wie etwa in Rima, in Bosco Gurin oder im Rheinwald, entstanden geschlossene d\u00f6rfliche Siedlungen.<\/p>\n\n\n\n<p>Die Bedingungen der Umwelt pr\u00e4gten auch den Hausbau. Ein einheitliches, \u00fcberall anzutreffendes &#8222;Walserhaus&#8220; gibt es nicht. Die Bauweise hat sich in den verschiedenen Siedlungsregionen unterschiedlich herausgebildet. So kann man von einer faszinierenden Vielzahl walserischer Haus- und Stalltypen sprechen. Es gelangten jeweils jene Baumaterialien zur Anwendung, die in der n\u00e4heren Umgebung in ausreichendem Ma\u00dfe vorhanden waren. W\u00e4hrend in den s\u00fcdwalserischen Orten Gressoney oder Alagna das Haus und der Stall in einem Geb\u00e4ude in vollendeter Gestalt anzutreffen sind, herrscht in Graub\u00fcnden und Vorarlberg ein anderer Typus vor. Hier sind Wohnhaus und Stall mindestens einen Steinwurf voneinander entfernt. Im talw\u00e4rts gerichteten Teil des Wohngeb\u00e4udes befinden sich Stube und Schlafkammer, dahinter der gemauerte Teil der K\u00fcche.<\/p>\n\n\n\n<p>Allen Walsern gemeinsam ist die Verehrung des heiligen Theodul, einer der ersten Walliser Bisch\u00f6fe. Wo der Heilige mit der Glocke und dem Teufel abgebildet ist, sind meist die Walser nicht weit.<\/p>\n","protected":false},"excerpt":{"rendered":"<p>Als die auswandernden Walser Familien in ihrer neuen Heimat ankamen, waren die gut bebaubaren Fl\u00e4chen von der alteingesessenen, mehrheitlich romanischen, aber auch niederalemannischen Bev\u00f6lkerung l\u00e4ngst besetzt. So blieben ihnen nur die unwirtlichen Gebirgsgegenden, die oft \u00fcber 1500 m, im Avers gar \u00fcber 2000 m Meeresh\u00f6he liegen. Juf im Avers auf 2150 m Meeresh\u00f6he ist der [&#8230;]<\/p>\n","protected":false},"author":1,"featured_media":0,"parent":2344,"menu_order":0,"comment_status":"closed","ping_status":"closed","template":"","meta":{"ngg_post_thumbnail":0,"footnotes":""},"superkategorien":[],"class_list":["post-648","page","type-page","status-publish","hentry"],"_links":{"self":[{"href":"https:\/\/www.vorarlberger-walservereinigung.at\/vwvwp\/wp-json\/wp\/v2\/pages\/648","targetHints":{"allow":["GET"]}}],"collection":[{"href":"https:\/\/www.vorarlberger-walservereinigung.at\/vwvwp\/wp-json\/wp\/v2\/pages"}],"about":[{"href":"https:\/\/www.vorarlberger-walservereinigung.at\/vwvwp\/wp-json\/wp\/v2\/types\/page"}],"author":[{"embeddable":true,"href":"https:\/\/www.vorarlberger-walservereinigung.at\/vwvwp\/wp-json\/wp\/v2\/users\/1"}],"replies":[{"embeddable":true,"href":"https:\/\/www.vorarlberger-walservereinigung.at\/vwvwp\/wp-json\/wp\/v2\/comments?post=648"}],"version-history":[{"count":18,"href":"https:\/\/www.vorarlberger-walservereinigung.at\/vwvwp\/wp-json\/wp\/v2\/pages\/648\/revisions"}],"predecessor-version":[{"id":18810,"href":"https:\/\/www.vorarlberger-walservereinigung.at\/vwvwp\/wp-json\/wp\/v2\/pages\/648\/revisions\/18810"}],"up":[{"embeddable":true,"href":"https:\/\/www.vorarlberger-walservereinigung.at\/vwvwp\/wp-json\/wp\/v2\/pages\/2344"}],"wp:attachment":[{"href":"https:\/\/www.vorarlberger-walservereinigung.at\/vwvwp\/wp-json\/wp\/v2\/media?parent=648"}],"wp:term":[{"taxonomy":"superkategorien","embeddable":true,"href":"https:\/\/www.vorarlberger-walservereinigung.at\/vwvwp\/wp-json\/wp\/v2\/superkategorien?post=648"}],"curies":[{"name":"wp","href":"https:\/\/api.w.org\/{rel}","templated":true}]}}