{"id":35,"date":"2015-06-13T16:04:53","date_gmt":"2015-06-13T14:04:53","guid":{"rendered":"http:\/\/www.cloudblaster.de\/?page_id=35"},"modified":"2024-07-04T12:15:41","modified_gmt":"2024-07-04T10:15:41","slug":"walser-medien","status":"publish","type":"page","link":"https:\/\/www.vorarlberger-walservereinigung.at\/vwvwp\/walser-medien\/","title":{"rendered":"Walser Medien"},"content":{"rendered":"<h2>Bibliothek der Vorarlberger Walservereinigung<\/h2>\n<p>Die Bibliothek ist best\u00fcckt mit einschl\u00e4gigen B\u00fcchern, Videos, CD&#8217;s etc. zur Walser Forschung.<\/p>\n<p>Bei der WALSER MEDIEN Bibliothek handelt es sich um eine Pr\u00e4senzbibliothek. Ihre Best\u00e4nde sind daher generell nicht entlehnbar. Die Bibliothek bietet jedoch die geeigneten R\u00e4umlichkeiten zum Studium vor Ort. Kopierm\u00f6glichkeiten sind gegeben.<\/p>\n<p>Adresse: A-6733 Fontanella, Kirchberg 25<br \/>\nTr\u00e4ger: Vorarlberger Walservereinigung<br \/>\ngegr\u00fcndet: 2006<\/p>\n<p>Information \u00fcber \u00d6ffnungszeiten:<br \/>\nWalserbibliothek Fontanella <a href=\"mailto:fontanella@walserbibliothek.at\"><u>fontanella@walserbibliothek.at<\/u><\/a><\/p>\n<h3>Onlinekatalog<\/h3>\n<p><iframe loading=\"lazy\" src=\"https:\/\/allegro.wwwan.de\/cgi-bin\/walser\/maske.pl?db=walser\" width=\"100%\" height=\"800\" frameborder=\"0\"><\/iframe><\/p>\n","protected":false},"excerpt":{"rendered":"<p>Bibliothek der Vorarlberger Walservereinigung Die Bibliothek ist best\u00fcckt mit einschl\u00e4gigen B\u00fcchern, Videos, CD&#8217;s etc. zur Walser Forschung. Bei der WALSER MEDIEN Bibliothek handelt es sich um eine Pr\u00e4senzbibliothek. Ihre Best\u00e4nde sind daher generell nicht entlehnbar. Die Bibliothek bietet jedoch die geeigneten R\u00e4umlichkeiten zum Studium vor Ort. Kopierm\u00f6glichkeiten sind gegeben. Adresse: A-6733 Fontanella, Kirchberg 25 Tr\u00e4ger: [&#8230;]<\/p>\n","protected":false},"author":1,"featured_media":0,"parent":0,"menu_order":0,"comment_status":"closed","ping_status":"closed","template":"","meta":{"ngg_post_thumbnail":0,"footnotes":""},"superkategorien":[],"class_list":["post-35","page","type-page","status-publish","hentry"],"_links":{"self":[{"href":"https:\/\/www.vorarlberger-walservereinigung.at\/vwvwp\/wp-json\/wp\/v2\/pages\/35","targetHints":{"allow":["GET"]}}],"collection":[{"href":"https:\/\/www.vorarlberger-walservereinigung.at\/vwvwp\/wp-json\/wp\/v2\/pages"}],"about":[{"href":"https:\/\/www.vorarlberger-walservereinigung.at\/vwvwp\/wp-json\/wp\/v2\/types\/page"}],"author":[{"embeddable":true,"href":"https:\/\/www.vorarlberger-walservereinigung.at\/vwvwp\/wp-json\/wp\/v2\/users\/1"}],"replies":[{"embeddable":true,"href":"https:\/\/www.vorarlberger-walservereinigung.at\/vwvwp\/wp-json\/wp\/v2\/comments?post=35"}],"version-history":[{"count":24,"href":"https:\/\/www.vorarlberger-walservereinigung.at\/vwvwp\/wp-json\/wp\/v2\/pages\/35\/revisions"}],"predecessor-version":[{"id":19188,"href":"https:\/\/www.vorarlberger-walservereinigung.at\/vwvwp\/wp-json\/wp\/v2\/pages\/35\/revisions\/19188"}],"wp:attachment":[{"href":"https:\/\/www.vorarlberger-walservereinigung.at\/vwvwp\/wp-json\/wp\/v2\/media?parent=35"}],"wp:term":[{"taxonomy":"superkategorien","embeddable":true,"href":"https:\/\/www.vorarlberger-walservereinigung.at\/vwvwp\/wp-json\/wp\/v2\/superkategorien?post=35"}],"curies":[{"name":"wp","href":"https:\/\/api.w.org\/{rel}","templated":true}]}}