{"id":2760,"date":"2016-07-16T22:47:42","date_gmt":"2016-07-16T20:47:42","guid":{"rendered":"http:\/\/www.wordpress.vorarlberger-walservereinigung.at\/?page_id=2760"},"modified":"2026-02-10T16:53:53","modified_gmt":"2026-02-10T15:53:53","slug":"chroniken-der-walserdoerfer","status":"publish","type":"page","link":"https:\/\/www.vorarlberger-walservereinigung.at\/vwvwp\/chroniken-der-walserdoerfer\/","title":{"rendered":"Chroniken der Walsergemeinden"},"content":{"rendered":"<p style=\"text-align: left;\">W\u00e4hlen Sie die Chroniken aus den Walserd\u00f6rfern entweder nach Jahren (links)&nbsp;oder nach Gemeinden (rechts) aus. Die Chroniken liegen als PDFs vor und k\u00f6nnen mit dem Link am Seitenende heruntergeladen werden.<\/p>\n<table width=\"100%\">\n<tbody>\n<tr>\n<td valign=\"top\" width=\"50%\">\n<h3>Jahre<br \/>\n<br \/>\n<img loading=\"lazy\" decoding=\"async\" class=\"alignleft wp-image-2973\" src=\"https:\/\/www.vorarlberger-walservereinigung.at\/vwvwp\/wp-content\/uploads\/2016\/07\/urkunde.jpg\" alt=\"urkunde\" width=\"30\" height=\"30\"><a href=\"https:\/\/www.vorarlberger-walservereinigung.at\/vwvwp\/chronik-jahre\/2025\/\">2025<\/a><br \/>\n<br \/>\n<img loading=\"lazy\" decoding=\"async\" class=\"alignleft wp-image-2973\" src=\"https:\/\/www.vorarlberger-walservereinigung.at\/vwvwp\/wp-content\/uploads\/2016\/07\/urkunde.jpg\" alt=\"urkunde\" width=\"30\" height=\"30\"><a href=\"https:\/\/www.vorarlberger-walservereinigung.at\/vwvwp\/chronik-jahre\/2024\/\">2024<\/a><br \/>\n<br \/>\n<img loading=\"lazy\" decoding=\"async\" class=\"alignleft wp-image-2973\" src=\"https:\/\/www.vorarlberger-walservereinigung.at\/vwvwp\/wp-content\/uploads\/2016\/07\/urkunde.jpg\" alt=\"urkunde\" width=\"30\" height=\"30\"><a href=\"https:\/\/www.vorarlberger-walservereinigung.at\/vwvwp\/chronik-jahre\/2023\/\">2023<\/a><br \/>\n<br \/>\n<img loading=\"lazy\" decoding=\"async\" class=\"alignleft wp-image-2973\" src=\"https:\/\/www.vorarlberger-walservereinigung.at\/vwvwp\/wp-content\/uploads\/2016\/07\/urkunde.jpg\" alt=\"urkunde\" width=\"30\" height=\"30\"><a href=\"https:\/\/www.vorarlberger-walservereinigung.at\/vwvwp\/chronik-jahre\/2022\/\">2022<\/a><br \/>\n<br \/>\n<img loading=\"lazy\" decoding=\"async\" class=\"alignleft wp-image-2973\" src=\"https:\/\/www.vorarlberger-walservereinigung.at\/vwvwp\/wp-content\/uploads\/2016\/07\/urkunde.jpg\" alt=\"urkunde\" width=\"30\" height=\"30\"><a href=\"https:\/\/www.vorarlberger-walservereinigung.at\/vwvwp\/chronik-jahre\/2021\/\">2021<\/a><br \/>\n<br \/>\n<img loading=\"lazy\" decoding=\"async\" class=\"alignleft wp-image-2973\" src=\"https:\/\/www.vorarlberger-walservereinigung.at\/vwvwp\/wp-content\/uploads\/2016\/07\/urkunde.jpg\" alt=\"urkunde\" width=\"30\" height=\"30\"><a href=\"https:\/\/www.vorarlberger-walservereinigung.at\/vwvwp\/chronik-jahre\/2020\/\">2020<\/a><br \/>\n<br \/>\n<img loading=\"lazy\" decoding=\"async\" class=\"alignleft wp-image-2973\" src=\"https:\/\/www.vorarlberger-walservereinigung.at\/vwvwp\/wp-content\/uploads\/2016\/07\/urkunde.jpg\" alt=\"urkunde\" width=\"30\" height=\"30\"><a href=\"https:\/\/www.vorarlberger-walservereinigung.at\/vwvwp\/chronik-jahre\/2019\/\">2019<\/a><br \/>\n<br \/>\n<img loading=\"lazy\" decoding=\"async\" class=\"alignleft wp-image-2973\" src=\"https:\/\/www.vorarlberger-walservereinigung.at\/vwvwp\/wp-content\/uploads\/2016\/07\/urkunde.jpg\" alt=\"urkunde\" width=\"30\" height=\"30\"><a href=\"https:\/\/www.vorarlberger-walservereinigung.at\/vwvwp\/chronik-jahre\/2018\/\">2018<\/a><br \/>\n<br \/>\n<img loading=\"lazy\" decoding=\"async\" class=\"alignleft wp-image-2973\" src=\"https:\/\/www.vorarlberger-walservereinigung.at\/vwvwp\/wp-content\/uploads\/2016\/07\/urkunde.jpg\" alt=\"urkunde\" width=\"30\" height=\"30\"><a href=\"https:\/\/www.vorarlberger-walservereinigung.at\/vwvwp\/chronik-jahre\/2017\/\">2017<\/a><br \/>\n<br \/>\n<img loading=\"lazy\" decoding=\"async\" class=\"alignleft wp-image-2973\" src=\"https:\/\/www.vorarlberger-walservereinigung.at\/vwvwp\/wp-content\/uploads\/2016\/07\/urkunde.jpg\" alt=\"urkunde\" width=\"30\" height=\"30\"><a href=\"https:\/\/www.vorarlberger-walservereinigung.at\/vwvwp\/chronik-jahre\/2016\/\">2016<\/a><br \/>\n<br \/>\n<img loading=\"lazy\" decoding=\"async\" class=\"alignleft wp-image-2973\" src=\"https:\/\/www.vorarlberger-walservereinigung.at\/vwvwp\/wp-content\/uploads\/2016\/07\/urkunde.jpg\" alt=\"urkunde\" width=\"30\" height=\"30\"><a href=\"https:\/\/www.vorarlberger-walservereinigung.at\/vwvwp\/chronik-jahre\/2015\/\">2015<\/a><br \/>\n<br \/>\n<img loading=\"lazy\" decoding=\"async\" class=\"alignleft wp-image-2973\" src=\"https:\/\/www.vorarlberger-walservereinigung.at\/vwvwp\/wp-content\/uploads\/2016\/07\/urkunde.jpg\" alt=\"urkunde\" width=\"30\" height=\"30\"><a href=\"https:\/\/www.vorarlberger-walservereinigung.at\/vwvwp\/chronik-jahre\/2014\/\">2014<\/a><br \/>\n<br \/>\n<img loading=\"lazy\" decoding=\"async\" class=\"alignleft wp-image-2973\" src=\"https:\/\/www.vorarlberger-walservereinigung.at\/vwvwp\/wp-content\/uploads\/2016\/07\/urkunde.jpg\" alt=\"urkunde\" width=\"30\" height=\"30\"><a href=\"https:\/\/www.vorarlberger-walservereinigung.at\/vwvwp\/chronik-jahre\/2013\/\">2013<\/a><br \/>\n<br \/>\n<img loading=\"lazy\" decoding=\"async\" class=\"alignleft wp-image-2973\" src=\"https:\/\/www.vorarlberger-walservereinigung.at\/vwvwp\/wp-content\/uploads\/2016\/07\/urkunde.jpg\" alt=\"urkunde\" width=\"30\" height=\"30\"><a href=\"https:\/\/www.vorarlberger-walservereinigung.at\/vwvwp\/chronik-jahre\/2012\/\">2012<\/a><br \/>\n<br \/>\n<img loading=\"lazy\" decoding=\"async\" class=\"alignleft wp-image-2973\" src=\"https:\/\/www.vorarlberger-walservereinigung.at\/vwvwp\/wp-content\/uploads\/2016\/07\/urkunde.jpg\" alt=\"urkunde\" width=\"30\" height=\"30\"><a href=\"https:\/\/www.vorarlberger-walservereinigung.at\/vwvwp\/chronik-jahre\/2011\/\">2011<\/a><br \/>\n<br \/>\n<img loading=\"lazy\" decoding=\"async\" class=\"alignleft wp-image-2973\" src=\"https:\/\/www.vorarlberger-walservereinigung.at\/vwvwp\/wp-content\/uploads\/2016\/07\/urkunde.jpg\" alt=\"urkunde\" width=\"30\" height=\"30\"><a href=\"https:\/\/www.vorarlberger-walservereinigung.at\/vwvwp\/chronik-jahre\/2010\/\">2010<\/a><br \/>\n<br \/>\n<img loading=\"lazy\" decoding=\"async\" class=\"alignleft wp-image-2973\" src=\"https:\/\/www.vorarlberger-walservereinigung.at\/vwvwp\/wp-content\/uploads\/2016\/07\/urkunde.jpg\" alt=\"urkunde\" width=\"30\" height=\"30\"><a href=\"https:\/\/www.vorarlberger-walservereinigung.at\/vwvwp\/chronik-jahre\/2009\/\">2009<\/a><br \/>\n<br \/>\n<img loading=\"lazy\" decoding=\"async\" class=\"alignleft wp-image-2973\" src=\"https:\/\/www.vorarlberger-walservereinigung.at\/vwvwp\/wp-content\/uploads\/2016\/07\/urkunde.jpg\" alt=\"urkunde\" width=\"30\" height=\"30\"><a href=\"https:\/\/www.vorarlberger-walservereinigung.at\/vwvwp\/chronik-jahre\/2008\/\">2008<\/a><br \/>\n<br \/>\n<img loading=\"lazy\" decoding=\"async\" class=\"alignleft wp-image-2973\" src=\"https:\/\/www.vorarlberger-walservereinigung.at\/vwvwp\/wp-content\/uploads\/2016\/07\/urkunde.jpg\" alt=\"urkunde\" width=\"30\" height=\"30\"><a href=\"https:\/\/www.vorarlberger-walservereinigung.at\/vwvwp\/chronik-jahre\/2007\/\">2007<\/a><br \/>\n<\/h3>\n<\/td>\n<td valign=\"top\">\n<h3>Gemeinden<br \/>\n<br \/>\n<img decoding=\"async\" class=\"alignleft wp-image-2978 size-full\" src=\"https:\/\/www.vorarlberger-walservereinigung.at\/vwvwp\/wp-content\/uploads\/2015\/06\/blons.gif\" width=\"30\"><a href=\"https:\/\/www.vorarlberger-walservereinigung.at\/vwvwp\/chronik-gemeinden\/blons\/\">Blons<\/a><br \/>\n<br \/>\n<img decoding=\"async\" class=\"alignleft wp-image-2978 size-full\" src=\"https:\/\/www.vorarlberger-walservereinigung.at\/vwvwp\/wp-content\/uploads\/2015\/06\/brand.gif\" width=\"30\"><a href=\"https:\/\/www.vorarlberger-walservereinigung.at\/vwvwp\/chronik-gemeinden\/brand\/\">Brand<\/a><br \/>\n<br \/>\n<img decoding=\"async\" class=\"alignleft wp-image-2978 size-full\" src=\"https:\/\/www.vorarlberger-walservereinigung.at\/vwvwp\/wp-content\/uploads\/2015\/06\/buerserberg.gif\" width=\"30\"><a href=\"https:\/\/www.vorarlberger-walservereinigung.at\/vwvwp\/chronik-gemeinden\/buerserberg\/\">B\u00fcrserberg<\/a><br \/>\n<br \/>\n<img decoding=\"async\" class=\"alignleft wp-image-2978 size-full\" src=\"https:\/\/www.vorarlberger-walservereinigung.at\/vwvwp\/wp-content\/uploads\/2015\/06\/damuels.gif\" width=\"30\"><a href=\"https:\/\/www.vorarlberger-walservereinigung.at\/vwvwp\/chronik-gemeinden\/damuels\/\">Dam\u00fcls<\/a><br \/>\n<br \/>\n<img decoding=\"async\" class=\"alignleft wp-image-2978 size-full\" src=\"https:\/\/www.vorarlberger-walservereinigung.at\/vwvwp\/wp-content\/uploads\/2015\/06\/duenserberg.gif\" width=\"30\"><a href=\"https:\/\/www.vorarlberger-walservereinigung.at\/vwvwp\/chronik-gemeinden\/duenserberg\/\">D\u00fcnserberg<\/a><br \/>\n<br \/>\n<img decoding=\"async\" class=\"alignleft wp-image-2978 size-full\" src=\"https:\/\/www.vorarlberger-walservereinigung.at\/vwvwp\/wp-content\/uploads\/2015\/06\/ebnit.gif\" width=\"30\"><a href=\"https:\/\/www.vorarlberger-walservereinigung.at\/vwvwp\/chronik-gemeinden\/ebnit\/\">Ebnit<\/a><br \/>\n<br \/>\n<img decoding=\"async\" class=\"alignleft wp-image-2978 size-full\" src=\"https:\/\/www.vorarlberger-walservereinigung.at\/vwvwp\/wp-content\/uploads\/2015\/06\/fontanella.gif\" width=\"30\"><a href=\"https:\/\/www.vorarlberger-walservereinigung.at\/vwvwp\/chronik-gemeinden\/fontanella\/\">Fontanella<\/a><br \/>\n<br \/>\n<img decoding=\"async\" class=\"alignleft wp-image-2978 size-full\" src=\"https:\/\/www.vorarlberger-walservereinigung.at\/vwvwp\/wp-content\/uploads\/2015\/06\/galtuer.gif\" width=\"30\"><a href=\"https:\/\/www.vorarlberger-walservereinigung.at\/vwvwp\/chronik-gemeinden\/galtuer\/\">Galt\u00fcr<\/a><br \/>\n<br \/>\n<img decoding=\"async\" class=\"alignleft wp-image-2978 size-full\" src=\"https:\/\/www.vorarlberger-walservereinigung.at\/vwvwp\/wp-content\/uploads\/2015\/06\/grosses-walsertal.gif\" width=\"30\"><a href=\"https:\/\/www.vorarlberger-walservereinigung.at\/vwvwp\/chronik-gemeinden\/grosses-walsertal\/\">Gro\u00dfes Walsertal<\/a><br \/>\n<br \/>\n<img decoding=\"async\" class=\"alignleft wp-image-2978 size-full\" src=\"https:\/\/www.vorarlberger-walservereinigung.at\/vwvwp\/wp-content\/uploads\/2015\/06\/laterns.gif\" width=\"30\"><a href=\"https:\/\/www.vorarlberger-walservereinigung.at\/vwvwp\/chronik-gemeinden\/laterns\/\">Laterns<\/a><br \/>\n<br \/>\n<img decoding=\"async\" class=\"alignleft wp-image-2978 size-full\" src=\"https:\/\/www.vorarlberger-walservereinigung.at\/vwvwp\/wp-content\/uploads\/2015\/06\/lech.gif\" width=\"30\"><a href=\"https:\/\/www.vorarlberger-walservereinigung.at\/vwvwp\/chronik-gemeinden\/lech\/\">Lech<\/a><br \/>\n<br \/>\n<img decoding=\"async\" class=\"alignleft wp-image-2978 size-full\" src=\"https:\/\/www.vorarlberger-walservereinigung.at\/vwvwp\/wp-content\/uploads\/2015\/06\/mittelberg.gif\" width=\"30\"><a href=\"https:\/\/www.vorarlberger-walservereinigung.at\/vwvwp\/chronik-gemeinden\/mittelberg\/\">Mittelberg (Kleinwalsertal)<\/a><br \/>\n<br \/>\n<img decoding=\"async\" class=\"alignleft wp-image-2978 size-full\" src=\"https:\/\/www.vorarlberger-walservereinigung.at\/vwvwp\/wp-content\/uploads\/2015\/06\/raggal.gif\" width=\"30\"><a href=\"https:\/\/www.vorarlberger-walservereinigung.at\/vwvwp\/chronik-gemeinden\/raggal\/\">Raggal<\/a><br \/>\n<br \/>\n<img decoding=\"async\" class=\"alignleft wp-image-2978 size-full\" src=\"https:\/\/www.vorarlberger-walservereinigung.at\/vwvwp\/wp-content\/uploads\/2015\/06\/schroecken.gif\" width=\"30\"><a href=\"https:\/\/www.vorarlberger-walservereinigung.at\/vwvwp\/chronik-gemeinden\/schroecken\/\">Schr\u00f6cken<\/a><br \/>\n<br \/>\n<img decoding=\"async\" class=\"alignleft wp-image-2978 size-full\" src=\"https:\/\/www.vorarlberger-walservereinigung.at\/vwvwp\/wp-content\/uploads\/2015\/06\/silbertal.gif\" width=\"30\"><a href=\"https:\/\/www.vorarlberger-walservereinigung.at\/vwvwp\/chronik-gemeinden\/silbertal\/\">Silbertal<\/a><br \/>\n<br \/>\n<img decoding=\"async\" class=\"alignleft wp-image-2978 size-full\" src=\"https:\/\/www.vorarlberger-walservereinigung.at\/vwvwp\/wp-content\/uploads\/2015\/06\/sonntag.gif\" width=\"30\"><a href=\"https:\/\/www.vorarlberger-walservereinigung.at\/vwvwp\/chronik-gemeinden\/sonntag\/\">Sonntag<\/a><br \/>\n<br \/>\n<img decoding=\"async\" class=\"alignleft wp-image-2978 size-full\" src=\"https:\/\/www.vorarlberger-walservereinigung.at\/vwvwp\/wp-content\/uploads\/2015\/06\/st-gerold.gif\" width=\"30\"><a href=\"https:\/\/www.vorarlberger-walservereinigung.at\/vwvwp\/chronik-gemeinden\/st-gerold\/\">St. Gerold<\/a><br \/>\n<br \/>\n<img decoding=\"async\" class=\"alignleft wp-image-2978 size-full\" src=\"https:\/\/www.vorarlberger-walservereinigung.at\/vwvwp\/wp-content\/uploads\/2015\/06\/thueringerberg.gif\" width=\"30\"><a href=\"https:\/\/www.vorarlberger-walservereinigung.at\/vwvwp\/chronik-gemeinden\/thueringerberg\/\">Th\u00fcringerberg<\/a><br \/>\n<br \/>\n<img decoding=\"async\" class=\"alignleft wp-image-2978 size-full\" src=\"https:\/\/www.vorarlberger-walservereinigung.at\/vwvwp\/wp-content\/uploads\/2015\/06\/triesenberg.gif\" width=\"30\"><a href=\"https:\/\/www.vorarlberger-walservereinigung.at\/vwvwp\/chronik-gemeinden\/triesenberg\/\">Triesenberg<\/a><br \/>\n<br \/>\n<img decoding=\"async\" class=\"alignleft wp-image-2978 size-full\" src=\"https:\/\/www.vorarlberger-walservereinigung.at\/vwvwp\/wp-content\/uploads\/2015\/06\/warth.gif\" width=\"30\"><a href=\"https:\/\/www.vorarlberger-walservereinigung.at\/vwvwp\/chronik-gemeinden\/warth\/\">Warth<\/a><br \/>\n<\/h3>\n<\/td>\n<\/tr>\n<\/tbody>\n<\/table>\n<p>&nbsp;<\/p>\n","protected":false},"excerpt":{"rendered":"<p>W\u00e4hlen Sie die Chroniken aus den Walserd\u00f6rfern entweder nach Jahren (links)&nbsp;oder nach Gemeinden (rechts) aus. Die Chroniken liegen als PDFs vor und k\u00f6nnen mit dem Link am Seitenende heruntergeladen werden. Jahre 2025 2024 2023 2022 2021 2020 2019 2018 2017 2016 2015 2014 2013 2012 2011 2010 2009 2008 2007 Gemeinden Blons Brand B\u00fcrserberg Dam\u00fcls [&#8230;]<\/p>\n","protected":false},"author":1,"featured_media":0,"parent":0,"menu_order":0,"comment_status":"closed","ping_status":"closed","template":"","meta":{"ngg_post_thumbnail":0,"footnotes":""},"superkategorien":[],"class_list":["post-2760","page","type-page","status-publish","hentry"],"_links":{"self":[{"href":"https:\/\/www.vorarlberger-walservereinigung.at\/vwvwp\/wp-json\/wp\/v2\/pages\/2760","targetHints":{"allow":["GET"]}}],"collection":[{"href":"https:\/\/www.vorarlberger-walservereinigung.at\/vwvwp\/wp-json\/wp\/v2\/pages"}],"about":[{"href":"https:\/\/www.vorarlberger-walservereinigung.at\/vwvwp\/wp-json\/wp\/v2\/types\/page"}],"author":[{"embeddable":true,"href":"https:\/\/www.vorarlberger-walservereinigung.at\/vwvwp\/wp-json\/wp\/v2\/users\/1"}],"replies":[{"embeddable":true,"href":"https:\/\/www.vorarlberger-walservereinigung.at\/vwvwp\/wp-json\/wp\/v2\/comments?post=2760"}],"version-history":[{"count":125,"href":"https:\/\/www.vorarlberger-walservereinigung.at\/vwvwp\/wp-json\/wp\/v2\/pages\/2760\/revisions"}],"predecessor-version":[{"id":16872,"href":"https:\/\/www.vorarlberger-walservereinigung.at\/vwvwp\/wp-json\/wp\/v2\/pages\/2760\/revisions\/16872"}],"wp:attachment":[{"href":"https:\/\/www.vorarlberger-walservereinigung.at\/vwvwp\/wp-json\/wp\/v2\/media?parent=2760"}],"wp:term":[{"taxonomy":"superkategorien","embeddable":true,"href":"https:\/\/www.vorarlberger-walservereinigung.at\/vwvwp\/wp-json\/wp\/v2\/superkategorien?post=2760"}],"curies":[{"name":"wp","href":"https:\/\/api.w.org\/{rel}","templated":true}]}}