{"id":2315,"date":"2016-02-19T21:17:17","date_gmt":"2016-02-19T20:17:17","guid":{"rendered":"http:\/\/www.wordpress.vorarlberger-walservereinigung.at\/?page_id=2315"},"modified":"2025-02-24T17:10:30","modified_gmt":"2025-02-24T16:10:30","slug":"mitgliedschaft","status":"publish","type":"page","link":"https:\/\/www.vorarlberger-walservereinigung.at\/vwvwp\/mitgliedschaft\/","title":{"rendered":"Mitglied werden"},"content":{"rendered":"\n<div class=\"wp-block-media-text is-stacked-on-mobile\"><figure class=\"wp-block-media-text__media\"><img loading=\"lazy\" decoding=\"async\" width=\"536\" height=\"600\" src=\"https:\/\/www.vorarlberger-walservereinigung.at\/vwvwp\/wp-content\/uploads\/2016\/04\/045kw2.jpg\" alt=\"\" class=\"wp-image-2631 size-full\" srcset=\"https:\/\/www.vorarlberger-walservereinigung.at\/vwvwp\/wp-content\/uploads\/2016\/04\/045kw2.jpg 536w, https:\/\/www.vorarlberger-walservereinigung.at\/vwvwp\/wp-content\/uploads\/2016\/04\/045kw2-268x300.jpg 268w, https:\/\/www.vorarlberger-walservereinigung.at\/vwvwp\/wp-content\/uploads\/2016\/04\/045kw2-134x150.jpg 134w\" sizes=\"auto, (max-width: 536px) 100vw, 536px\" \/><\/figure><div class=\"wp-block-media-text__content\">\n<h2 class=\"wp-block-heading\">Werden Sie Mitglied bei der Vorarlberger Walservereinigung<\/h2>\n\n\n\n<p>Die Vorarlberger Walservereinigung l\u00e4dt Sie ein, Mitglied zu werden und Teil unserer lebendigen Gemeinschaft zu werden. Unsere Mitglieder genie\u00dfen zahlreiche Vorteile und tragen dazu bei, die kulturelle und historische Tradition der Walser zu bewahren.<\/p>\n<\/div><\/div>\n\n\n\n<h3 class=\"wp-block-heading\">Vorteile einer Mitgliedschaft<\/h3>\n\n\n\n<ul class=\"wp-block-list list-vwv-star\">\n<li><strong>Stimmrecht bei der Hauptversammlung:<\/strong> Jedes Mitglied hat das Recht, an unserer j\u00e4hrlichen Hauptversammlung teilzunehmen und abzustimmen.<\/li>\n\n\n\n<li><strong>Zeitschrift &#8222;Walserheimat&#8220;:<\/strong> Mitglieder erhalten zweimal j\u00e4hrlich unsere Zeitschrift &#8222;Walserheimat&#8220;, die \u00fcber aktuelle Projekte, Forschungsergebnisse und das Leben in den Walserd\u00f6rfern berichtet.<\/li>\n\n\n\n<li><strong>Kostenloser Eintritt in Museen:<\/strong> Ihre Mitgliedschaft berechtigt Sie zum kostenlosen Besuch der Museen in den Walserd\u00f6rfern.<\/li>\n\n\n\n<li><strong>Zugang zur Walser Medienbibliothek:<\/strong> Nutzen Sie die Walser Medienbibliothek kostenfrei und entdecken Sie eine Vielzahl an B\u00fcchern, Filmen und anderen Medien rund um die Walser.<\/li>\n\n\n\n<li class=\"list-vwv-star\"><strong>Vorzugspreise f\u00fcr Publikationen:<\/strong> Bestimmte Publikationen k\u00f6nnen von Mitgliedern zu verg\u00fcnstigten Preisen erworben werden.<\/li>\n<\/ul>\n\n\n\n<h3 class=\"wp-block-heading\">Arten der Mitgliedschaft und Beitr\u00e4ge<\/h3>\n\n\n\n<ul class=\"wp-block-list list-vwv-star\">\n<li><strong>Einzelmitgliedschaft:<\/strong> 22,00 EUR j\u00e4hrlich<br>Eine Einzelmitgliedschaft umfasst alle oben genannten Rechte und Vorteile.<\/li>\n\n\n\n<li><strong>Familienmitgliedschaft:<\/strong> 27,00 EUR j\u00e4hrlich<br>Die Familienmitgliedschaft gilt f\u00fcr zwei Personen, die an derselben Adresse wohnen. Beide Personen sind bei der Hauptversammlung stimmberechtigt, erhalten jedoch gemeinsam nur ein Exemplar der &#8222;Walserheimat&#8220;.<\/li>\n\n\n\n<li><strong>Jugendmitgliedschaft:<\/strong> 10,00 EUR j\u00e4hrlich<br>F\u00fcr Personen bis zum 25. Lebensjahr. Die Jugendmitgliedschaft bietet dieselben Rechte und Verg\u00fcnstigungen wie die Einzelmitgliedschaft. Ab dem 25. Lebensjahr wird die Jugendmitgliedschaft automatisch in eine Einzelmitgliedschaft umgewandelt.<\/li>\n<\/ul>\n\n\n\n<h3 class=\"wp-block-heading\">K\u00fcndigungsbedingungen<\/h3>\n\n\n\n<p>Die Mitgliedschaft kann jederzeit zum Jahresende gek\u00fcndigt werden.<\/p>\n\n\n\n<h3 class=\"wp-block-heading\">Statuten<\/h3>\n\n\n\n<p>Die Statuten der Vorarlberger Walservereinigung k\u00f6nnen Sie <a href=\"https:\/\/www.vorarlberger-walservereinigung.at\/vwvwp\/walservereinigung\/statuten\/\">hier<\/a> einsehen und herunterladen.<\/p>\n\n\n\n<p><strong>Treten Sie der Vorarlberger Walservereinigung bei und unterst\u00fctzen Sie uns dabei, das Erbe der Walser zu bewahren und lebendig zu halten!<\/strong><\/p>\n\n\n\n<div class=\"wp-block-buttons is-content-justification-center is-layout-flex wp-container-core-buttons-is-layout-16018d1d wp-block-buttons-is-layout-flex\">\n<div class=\"wp-block-button is-style-outline is-style-outline--1\"><a class=\"wp-block-button__link has-white-color has-vivid-red-background-color has-text-color has-background has-link-color wp-element-button\" href=\"https:\/\/www.vorarlberger-walservereinigung.at\/vwvwp\/anmeldung-mitgliedschaft\/\">Mitglied der Walsergemeinschaft werden<\/a><\/div>\n<\/div>\n","protected":false},"excerpt":{"rendered":"<p>Werden Sie Mitglied bei der Vorarlberger Walservereinigung Die Vorarlberger Walservereinigung l\u00e4dt Sie ein, Mitglied zu werden und Teil unserer lebendigen Gemeinschaft zu werden. Unsere Mitglieder genie\u00dfen zahlreiche Vorteile und tragen dazu bei, die kulturelle und historische Tradition der Walser zu bewahren. Vorteile einer Mitgliedschaft Stimmrecht bei der Hauptversammlung: Jedes Mitglied hat das Recht, an unserer [&#8230;]<\/p>\n","protected":false},"author":1,"featured_media":0,"parent":0,"menu_order":0,"comment_status":"closed","ping_status":"closed","template":"","meta":{"ngg_post_thumbnail":0,"footnotes":""},"superkategorien":[],"class_list":["post-2315","page","type-page","status-publish","hentry"],"_links":{"self":[{"href":"https:\/\/www.vorarlberger-walservereinigung.at\/vwvwp\/wp-json\/wp\/v2\/pages\/2315","targetHints":{"allow":["GET"]}}],"collection":[{"href":"https:\/\/www.vorarlberger-walservereinigung.at\/vwvwp\/wp-json\/wp\/v2\/pages"}],"about":[{"href":"https:\/\/www.vorarlberger-walservereinigung.at\/vwvwp\/wp-json\/wp\/v2\/types\/page"}],"author":[{"embeddable":true,"href":"https:\/\/www.vorarlberger-walservereinigung.at\/vwvwp\/wp-json\/wp\/v2\/users\/1"}],"replies":[{"embeddable":true,"href":"https:\/\/www.vorarlberger-walservereinigung.at\/vwvwp\/wp-json\/wp\/v2\/comments?post=2315"}],"version-history":[{"count":60,"href":"https:\/\/www.vorarlberger-walservereinigung.at\/vwvwp\/wp-json\/wp\/v2\/pages\/2315\/revisions"}],"predecessor-version":[{"id":19587,"href":"https:\/\/www.vorarlberger-walservereinigung.at\/vwvwp\/wp-json\/wp\/v2\/pages\/2315\/revisions\/19587"}],"wp:attachment":[{"href":"https:\/\/www.vorarlberger-walservereinigung.at\/vwvwp\/wp-json\/wp\/v2\/media?parent=2315"}],"wp:term":[{"taxonomy":"superkategorien","embeddable":true,"href":"https:\/\/www.vorarlberger-walservereinigung.at\/vwvwp\/wp-json\/wp\/v2\/superkategorien?post=2315"}],"curies":[{"name":"wp","href":"https:\/\/api.w.org\/{rel}","templated":true}]}}