{"id":19272,"date":"2025-02-24T16:33:25","date_gmt":"2025-02-24T15:33:25","guid":{"rendered":"https:\/\/www.vorarlberger-walservereinigung.at\/vwvwp\/?page_id=19272"},"modified":"2025-02-24T16:33:25","modified_gmt":"2025-02-24T15:33:25","slug":"anmeldung-mitgliedschaft","status":"publish","type":"page","link":"https:\/\/www.vorarlberger-walservereinigung.at\/vwvwp\/anmeldung-mitgliedschaft\/","title":{"rendered":"Anmeldung Mitgliedschaft"},"content":{"rendered":"\n<h2 class=\"wp-block-heading\">Anmeldeformular f\u00fcr die Mitgliedschaft bei der Vorarlberger Walservereinigung<\/h2>\n\n\n\n<p>Vielen Dank f\u00fcr Ihr Interesse an einer Mitgliedschaft bei der Vorarlberger Walservereinigung! Bitte f\u00fcllen Sie das untenstehende Formular vollst\u00e4ndig aus. Mit einem <em>Stern<\/em> gekennzeichnete Felder sind Pflichtfelder und m\u00fcssen ausgef\u00fcllt werden. Nachdem Sie alle Angaben gemacht haben, klicken Sie bitte auf den Absende-Button. Falls Sie eine E-Mailadresse angegeben haben, erhalten Sie eine Anmeldebest\u00e4tigung an diese Adresse.<\/p>\n\n\n\n<p>Ihre Daten werden ausschlie\u00dflich f\u00fcr die Verwaltung Ihrer Mitgliedschaft verwendet und nicht an Dritte weitergegeben. Weitere Informationen finden Sie in der <a href=\"https:\/\/www.vorarlberger-walservereinigung.at\/vwvwp\/datenschutzerklaerung-2\/\" data-type=\"page\" data-id=\"19114\" target=\"_blank\" rel=\"noreferrer noopener\">Datenschutzerkl\u00e4rung<\/a> der Vorarlberger Walservereinigung.<\/p>\n\n\n\n<p>Um unsere Verwaltungskosten so gering wie m\u00f6glich zu halten, bitten wir Sie, den Betrag per <strong>Bankeinzug<\/strong> (SEPA-Mandat) zu entrichten.&nbsp;Bei Zahlung per \u00dcberweisung m\u00fcssen wir leider eine Bearbeitungsgeb\u00fchr von <strong>1,00 \u20ac<\/strong> erheben.<\/p>\n\n\n<style>.cfcf7-block .wpcf7-text, .cfcf7-block .wpcf7-textarea, .cfcf7-block input[type='number'], .cfcf7-block .wpcf7-select, .cfcf7-block .wpcf7-date { background-color: #f4f4f4; border-radius: 0.5em;  line-height:1.4em!important; } .cfcf7-block .wpcf7-text, .cfcf7-block .wpcf7-textarea, .cfcf7-block input[type='number'], .cfcf7-block .wpcf7-select, .cfcf7-block .wpcf7-date { border: none; } .cfcf7-block .wpcf7-text:focus, .cfcf7-block .wpcf7-textarea:focus, .cfcf7-block input[type='number']:focus, .cfcf7-block .wpcf7-select:focus, .cfcf7-block .wpcf7-date:focus { outline-width: 1px; } .cfcf7-block .wpcf7-text:focus, .cfcf7-block .wpcf7-textarea:focus, .cfcf7-block input[type='number']:focus, .cfcf7-block .wpcf7-select:focus, .cfcf7-block .wpcf7-date:focus { outline-offset: 1px; } .cfcf7-block .wpcf7-text:focus, .cfcf7-block .wpcf7-textarea:focus, .cfcf7-block input[type='number']:focus, .cfcf7-block .wpcf7-select:focus, .cfcf7-block .wpcf7-date:focus { outline-color: #cf2e2e; } .cfcf7-block .wpcf7-text, .cfcf7-block .wpcf7-textarea, .cfcf7-block input[type='number'], .cfcf7-block .wpcf7-select, .cfcf7-block .wpcf7-date{ box-shadow: 0em 0.1em 1em -0.9em #403b40 inset;} .wpcf7 label{ font-size:1.1em!important;}  .wpcf7 label{ font-weight:400!important;}  .wpcf7 label{ line-height:1.6em!important;}   .wpcf7 label, .wpcf7 form p a, .wpcf7 form p{ color: #8C8E98!important; } .wpcf7 label{ line-height: 1.6em;} .cfcf7-block .wpcf7-text, .cfcf7-block .wpcf7-textarea, .cfcf7-block input[type='number'], .cfcf7-block .wpcf7-select, .cfcf7-block .wpcf7-date{font-size:1em!important;}  .cfcf7-block .wpcf7-text, .cfcf7-block .wpcf7-textarea, .cfcf7-block input[type='number'], .cfcf7-block .wpcf7-select, .cfcf7-block .wpcf7-date{ color: #545054;} .wpcf7 ::placeholder{ color: #C9C9C9} .cfcf7-block .wpcf7-text, .cfcf7-block .wpcf7-textarea, .cfcf7-block input[type='number'], .cfcf7-block .wpcf7-select, .cfcf7-block .wpcf7-date{ padding: 0.6em 0.7em; } .wpcf7-submit, .wpcf7-submit-wrapper{ background: #cf2e2e!important; line-height:1.5em!important;} .cfcf7-block .wpcf7-submit{font-size:1em!important; }  .cfcf7-block .wpcf7-submit{ text-transform: capitalize!important; } .cfcf7-block .wpcf7-submit{ font-weight:400!important;}  .cfcf7-block .wpcf7-submit{color: white!important;}  .cfcf7-block .wpcf7-submit{padding-top:0.9em!important; padding-bottom:0.9em!important; }  .cfcf7-block .wpcf7-submit{padding-left:4em; padding-right:4em ; }  .cfcf7-block\r\n .wpcf7-submit{ width: 100%; } .cfcf7-block .wpcf7-submit{ border-radius: 0.5em!important;} .cfcf7-block .wpcf7-submit{ border: none;} .cfcf7-block .wpcf7-submit{box-shadow:0em 0.3em 1em -0.6em grey;} .cfcf7-block .wpcf7-submit:hover{box-shadow:none!important;} \r\n        @media only screen and (min-width: 361px) and (max-width: 780px) {\r\n            .cfcf7-block\r\n            { \r\n                font-size: 16px!important; \r\n                margin-top: 0em!important; \r\n                margin-left: 0em!important; \r\n                margin-right: 0em!important; \r\n                margin-bottom: 0em!important;\r\n                padding-top: 1.6em!important; \r\n                padding-left: 2.2em!important; \r\n                padding-right: 2.2em!important; \r\n                padding-bottom: 1.6em!important; \r\n            } \r\n            .cfcf7-block .wpcf7-submit{ width: 100%!important; \r\n        }} \r\n@media only screen and (max-width: 360px) {\r\n    .cfcf7-block\r\n{ \r\n                font-size: 16px!important; \r\n                margin-top: 1em!important; \r\n                margin-left: -0.5em!important; \r\n                margin-right: -0.5em!important; \r\n                margin-bottom: 1em!important;\r\n                padding-top: 2em!important; \r\n                padding-left: 1.5em!important; \r\n                padding-right: 1.5em!important; \r\n                padding-bottom: 2em!important; \r\n            } \r\n            .cfcf7-block .wpcf7-submit{ width: 100%!important; \r\n        }}<\/style><div class=\"cfcf7-block-container\"><div style=\"background-color:#fff; line-height: 1.4em!important; font-size:16px;  padding-top:2em; padding-left:3em; padding-right:3em; padding-bottom:2em; margin-top:0em; margin-left:0em; margin-right:0em; margin-bottom:0em; border-radius: 2em; box-shadow:0em 0.5em 5em -3em black; border-color:black; \" class=\"cfcf7-block wp-block-mofistudio-customizer-block-cf7\">\n<div class=\"wpcf7 no-js\" id=\"wpcf7-f19573-o1\" lang=\"de-DE\" dir=\"ltr\" data-wpcf7-id=\"19573\">\n<div class=\"screen-reader-response\"><p role=\"status\" aria-live=\"polite\" aria-atomic=\"true\"><\/p> <ul><\/ul><\/div>\n<form action=\"\/vwvwp\/wp-json\/wp\/v2\/pages\/19272#wpcf7-f19573-o1\" method=\"post\" class=\"wpcf7-form init\" aria-label=\"Kontaktformular\" novalidate=\"novalidate\" data-status=\"init\">\n<fieldset class=\"hidden-fields-container\"><input type=\"hidden\" name=\"_wpcf7\" value=\"19573\" \/><input type=\"hidden\" name=\"_wpcf7_version\" value=\"6.1.5\" \/><input type=\"hidden\" name=\"_wpcf7_locale\" value=\"de_DE\" \/><input type=\"hidden\" name=\"_wpcf7_unit_tag\" value=\"wpcf7-f19573-o1\" \/><input type=\"hidden\" name=\"_wpcf7_container_post\" value=\"0\" \/><input type=\"hidden\" name=\"_wpcf7_posted_data_hash\" value=\"\" \/><input type=\"hidden\" name=\"_wpcf7cf_hidden_group_fields\" value=\"[]\" \/><input type=\"hidden\" name=\"_wpcf7cf_hidden_groups\" value=\"[]\" \/><input type=\"hidden\" name=\"_wpcf7cf_visible_groups\" value=\"[]\" \/><input type=\"hidden\" name=\"_wpcf7cf_repeaters\" value=\"[]\" \/><input type=\"hidden\" name=\"_wpcf7cf_steps\" value=\"{}\" \/><input type=\"hidden\" name=\"_wpcf7cf_options\" value=\"{&quot;form_id&quot;:19573,&quot;conditions&quot;:[{&quot;then_field&quot;:&quot;familie&quot;,&quot;and_rules&quot;:[{&quot;if_field&quot;:&quot;mitgliedschaft&quot;,&quot;operator&quot;:&quot;equals&quot;,&quot;if_value&quot;:&quot;Familienmitgliedschaft&quot;}]},{&quot;then_field&quot;:&quot;jugend&quot;,&quot;and_rules&quot;:[{&quot;if_field&quot;:&quot;mitgliedschaft&quot;,&quot;operator&quot;:&quot;equals&quot;,&quot;if_value&quot;:&quot;Jugendmitglied&quot;}]},{&quot;then_field&quot;:&quot;zahlung&quot;,&quot;and_rules&quot;:[{&quot;if_field&quot;:&quot;zahlweise&quot;,&quot;operator&quot;:&quot;equals&quot;,&quot;if_value&quot;:&quot;Bankeinzug&quot;}]}],&quot;settings&quot;:{&quot;animation&quot;:&quot;yes&quot;,&quot;animation_intime&quot;:&quot;200&quot;,&quot;animation_outtime&quot;:&quot;200&quot;,&quot;conditions_ui&quot;:&quot;normal&quot;,&quot;notice_dismissed&quot;:&quot;1&quot;,&quot;notice_dismissed_rollback-cf7-6.0.4&quot;:true}}\" \/>\n<\/fieldset>\n<p><label> Anrede<\/label><br \/>\n<span class=\"wpcf7-form-control-wrap\" data-name=\"anrede\"><span class=\"wpcf7-form-control wpcf7-radio\"><span class=\"wpcf7-list-item first\"><label><input type=\"radio\" name=\"anrede\" value=\"Frau\" \/><span class=\"wpcf7-list-item-label\">Frau<\/span><\/label><\/span><span class=\"wpcf7-list-item\"><label><input type=\"radio\" name=\"anrede\" value=\"Herr\" \/><span class=\"wpcf7-list-item-label\">Herr<\/span><\/label><\/span><span class=\"wpcf7-list-item last\"><label><input type=\"radio\" name=\"anrede\" value=\"Frau und Herr\" \/><span class=\"wpcf7-list-item-label\">Frau und Herr<\/span><\/label><\/span><\/span><\/span><br \/>\n<label> Name<\/label><br \/>\n<span class=\"wpcf7-form-control-wrap\" data-name=\"Familienname\"><input size=\"40\" maxlength=\"30\" minlength=\"3\" class=\"wpcf7-form-control wpcf7-text wpcf7-validates-as-required\" aria-required=\"true\" aria-invalid=\"false\" placeholder=\"Familienname\" value=\"\" type=\"text\" name=\"Familienname\" \/><\/span><br \/>\n<span class=\"wpcf7-form-control-wrap\" data-name=\"vorname\"><input size=\"40\" maxlength=\"30\" minlength=\"3\" class=\"wpcf7-form-control wpcf7-text wpcf7-validates-as-required\" aria-required=\"true\" aria-invalid=\"false\" placeholder=\"Vorname\" value=\"\" type=\"text\" name=\"vorname\" \/><\/span><br \/>\n<label> Anschrift<\/label><br \/>\n<span class=\"wpcf7-form-control-wrap\" data-name=\"strasse\"><input size=\"40\" maxlength=\"30\" minlength=\"1\" class=\"wpcf7-form-control wpcf7-text wpcf7-validates-as-required\" aria-required=\"true\" aria-invalid=\"false\" placeholder=\"Walserstrasse 1\" value=\"\" type=\"text\" name=\"strasse\" \/><\/span><span class=\"wpcf7-form-control-wrap\" data-name=\"plz\"><input size=\"40\" maxlength=\"5\" minlength=\"1\" class=\"wpcf7-form-control wpcf7-text wpcf7-validates-as-required\" aria-required=\"true\" aria-invalid=\"false\" placeholder=\"1234\" value=\"\" type=\"text\" name=\"plz\" \/><\/span><span class=\"wpcf7-form-control-wrap\" data-name=\"ort\"><input size=\"40\" maxlength=\"30\" minlength=\"2\" class=\"wpcf7-form-control wpcf7-text wpcf7-validates-as-required\" aria-required=\"true\" aria-invalid=\"false\" placeholder=\"Walserdorf\" value=\"\" type=\"text\" name=\"ort\" \/><\/span><span class=\"wpcf7-form-control-wrap\" data-name=\"staat\"><input size=\"40\" maxlength=\"30\" minlength=\"1\" class=\"wpcf7-form-control wpcf7-text wpcf7-validates-as-required\" aria-required=\"true\" aria-invalid=\"false\" placeholder=\"Staat\" value=\"\" type=\"text\" name=\"staat\" \/><\/span><br \/>\n<label>Kontakt<\/label><br \/>\n<label>&phone;<span class=\"wpcf7-form-control-wrap\" data-name=\"telefon\"><input size=\"40\" maxlength=\"15\" minlength=\"1\" class=\"wpcf7-form-control wpcf7-tel wpcf7-text wpcf7-validates-as-tel\" aria-invalid=\"false\" placeholder=\"+43123456789\" value=\"\" type=\"tel\" name=\"telefon\" \/><\/span><\/label><br \/>\n<label>&#9993;<span class=\"wpcf7-form-control-wrap\" data-name=\"mail\"><input size=\"40\" maxlength=\"30\" minlength=\"1\" class=\"wpcf7-form-control wpcf7-email wpcf7-validates-as-required wpcf7-text wpcf7-validates-as-email\" aria-required=\"true\" aria-invalid=\"false\" placeholder=\"walser@walservereinigung.at\" value=\"\" type=\"email\" name=\"mail\" \/><\/span><\/label><br \/>\n<label>Meine Mitgliedschaft<\/label><br \/>\n<span class=\"wpcf7-form-control-wrap\" data-name=\"mitgliedschaft\"><span class=\"wpcf7-form-control wpcf7-radio\"><span class=\"wpcf7-list-item first\"><label><input type=\"radio\" name=\"mitgliedschaft\" value=\"Einzelmitglied\" checked=\"checked\" \/><span class=\"wpcf7-list-item-label\">Einzelmitglied<\/span><\/label><\/span><span class=\"wpcf7-list-item\"><label><input type=\"radio\" name=\"mitgliedschaft\" value=\"Familienmitgliedschaft\" \/><span class=\"wpcf7-list-item-label\">Familienmitgliedschaft<\/span><\/label><\/span><span class=\"wpcf7-list-item last\"><label><input type=\"radio\" name=\"mitgliedschaft\" value=\"Jugendmitglied\" \/><span class=\"wpcf7-list-item-label\">Jugendmitglied<\/span><\/label><\/span><\/span><\/span>\n<\/p>\n<div data-id=\"familie\" data-orig_data_id=\"familie\"  class=\"\" data-class=\"wpcf7cf_group\">\n\t<p><label>Name<\/label> Familienmitglied<span class=\"wpcf7-form-control-wrap\" data-name=\"famVorname\"><input size=\"40\" maxlength=\"30\" minlength=\"1\" class=\"wpcf7-form-control wpcf7-text wpcf7-validates-as-required\" aria-required=\"true\" aria-invalid=\"false\" placeholder=\"Vorname\" value=\"\" type=\"text\" name=\"famVorname\" \/><\/span><span class=\"wpcf7-form-control-wrap\" data-name=\"famNachname\"><input size=\"40\" maxlength=\"30\" minlength=\"1\" class=\"wpcf7-form-control wpcf7-text wpcf7-validates-as-required\" aria-required=\"true\" aria-invalid=\"false\" placeholder=\"Nachname\" value=\"\" type=\"text\" name=\"famNachname\" \/><\/span>\n\t<\/p>\n<\/div>\n<div data-id=\"jugend\" data-orig_data_id=\"jugend\"  class=\"\" data-class=\"wpcf7cf_group\">\n\t<p><label>Ich bin unter 25 Jahre und m\u00f6chte eine Jugendmitgliedschaft. Mein Geburtsdatum ist:<\/label><span class=\"wpcf7-form-control-wrap\" data-name=\"gebdatum\"><input class=\"wpcf7-form-control wpcf7-date wpcf7-validates-as-date\" aria-invalid=\"false\" value=\"\" type=\"date\" name=\"gebdatum\" \/><\/span>\n\t<\/p>\n<\/div>\n<p><label>Ich bezahle den Mitgliedsbeitrag per<span class=\"wpcf7-form-control-wrap\" data-name=\"zahlweise\"><span class=\"wpcf7-form-control wpcf7-radio\"><span class=\"wpcf7-list-item first\"><label><input type=\"radio\" name=\"zahlweise\" value=\"Bankeinzug\" checked=\"checked\" \/><span class=\"wpcf7-list-item-label\">Bankeinzug<\/span><\/label><\/span><span class=\"wpcf7-list-item last\"><label><input type=\"radio\" name=\"zahlweise\" value=\"Zahlschein\" \/><span class=\"wpcf7-list-item-label\">Zahlschein<\/span><\/label><\/span><\/span><\/span><br \/>\n<\/label>\n<\/p>\n<div data-id=\"zahlung\" data-orig_data_id=\"zahlung\"  class=\"\" data-class=\"wpcf7cf_group\">\n\t<p><span class=\"wpcf7-form-control-wrap\" data-name=\"iban\"><input size=\"40\" maxlength=\"24\" minlength=\"1\" class=\"wpcf7-form-control wpcf7-text wpcf7-validates-as-required\" aria-required=\"true\" aria-invalid=\"false\" placeholder=\"AT12 1234 5678 9123 4567\" value=\"\" type=\"text\" name=\"iban\" \/><\/span><span class=\"wpcf7-form-control-wrap\" data-name=\"bic\"><input size=\"40\" maxlength=\"15\" minlength=\"1\" class=\"wpcf7-form-control wpcf7-text\" aria-invalid=\"false\" placeholder=\"BIC123456\" value=\"\" type=\"text\" name=\"bic\" \/><\/span><span class=\"wpcf7-form-control-wrap\" data-name=\"bank\"><input size=\"40\" maxlength=\"30\" minlength=\"1\" class=\"wpcf7-form-control wpcf7-text\" aria-invalid=\"false\" placeholder=\"Namen der Bank\" value=\"\" type=\"text\" name=\"bank\" \/><\/span>\n\t<\/p>\n<\/div>\n<p><span class=\"wpcf7-form-control-wrap\" data-name=\"acceptance-140\"><span class=\"wpcf7-form-control wpcf7-acceptance optional\"><span class=\"wpcf7-list-item\"><label><input type=\"checkbox\" name=\"acceptance-140\" value=\"1\" aria-invalid=\"false\" \/><span class=\"wpcf7-list-item-label\">Ich habe die Datenschutzrichtlinien der Vorarlberger Walservereinigung gelesen und stimme der Verarbeitung meiner Daten im Rahmen der Mitgliederverwaltung zu.<\/span><\/label><\/span><\/span><\/span>\n<\/p>\n<p><input class=\"wpcf7-form-control wpcf7-submit has-spinner\" type=\"submit\" value=\"Senden\" \/><input type=\"reset\" value=\"Formular l\u00f6schen\" \/>\n<\/p><div class=\"wpcf7-response-output\" aria-hidden=\"true\"><\/div>\n<\/form>\n<\/div>\n<\/div><\/div>","protected":false},"excerpt":{"rendered":"<p>Anmeldeformular f\u00fcr die Mitgliedschaft bei der Vorarlberger Walservereinigung Vielen Dank f\u00fcr Ihr Interesse an einer Mitgliedschaft bei der Vorarlberger Walservereinigung! Bitte f\u00fcllen Sie das untenstehende Formular vollst\u00e4ndig aus. Mit einem Stern gekennzeichnete Felder sind Pflichtfelder und m\u00fcssen ausgef\u00fcllt werden. Nachdem Sie alle Angaben gemacht haben, klicken Sie bitte auf den Absende-Button. Falls Sie eine E-Mailadresse [&#8230;]<\/p>\n","protected":false},"author":1,"featured_media":0,"parent":0,"menu_order":0,"comment_status":"closed","ping_status":"closed","template":"","meta":{"ngg_post_thumbnail":0,"footnotes":""},"superkategorien":[],"class_list":["post-19272","page","type-page","status-publish","hentry"],"_links":{"self":[{"href":"https:\/\/www.vorarlberger-walservereinigung.at\/vwvwp\/wp-json\/wp\/v2\/pages\/19272","targetHints":{"allow":["GET"]}}],"collection":[{"href":"https:\/\/www.vorarlberger-walservereinigung.at\/vwvwp\/wp-json\/wp\/v2\/pages"}],"about":[{"href":"https:\/\/www.vorarlberger-walservereinigung.at\/vwvwp\/wp-json\/wp\/v2\/types\/page"}],"author":[{"embeddable":true,"href":"https:\/\/www.vorarlberger-walservereinigung.at\/vwvwp\/wp-json\/wp\/v2\/users\/1"}],"replies":[{"embeddable":true,"href":"https:\/\/www.vorarlberger-walservereinigung.at\/vwvwp\/wp-json\/wp\/v2\/comments?post=19272"}],"version-history":[{"count":17,"href":"https:\/\/www.vorarlberger-walservereinigung.at\/vwvwp\/wp-json\/wp\/v2\/pages\/19272\/revisions"}],"predecessor-version":[{"id":19577,"href":"https:\/\/www.vorarlberger-walservereinigung.at\/vwvwp\/wp-json\/wp\/v2\/pages\/19272\/revisions\/19577"}],"wp:attachment":[{"href":"https:\/\/www.vorarlberger-walservereinigung.at\/vwvwp\/wp-json\/wp\/v2\/media?parent=19272"}],"wp:term":[{"taxonomy":"superkategorien","embeddable":true,"href":"https:\/\/www.vorarlberger-walservereinigung.at\/vwvwp\/wp-json\/wp\/v2\/superkategorien?post=19272"}],"curies":[{"name":"wp","href":"https:\/\/api.w.org\/{rel}","templated":true}]}}