{"id":18674,"date":"2024-03-02T15:56:55","date_gmt":"2024-03-02T14:56:55","guid":{"rendered":"https:\/\/www.vorarlberger-walservereinigung.at\/vwvwp\/?page_id=18674"},"modified":"2025-12-11T13:28:16","modified_gmt":"2025-12-11T12:28:16","slug":"chronisten-der-walserheimat","status":"publish","type":"page","link":"https:\/\/www.vorarlberger-walservereinigung.at\/vwvwp\/chronisten-der-walserheimat\/","title":{"rendered":"Chronisten der Walserheimat"},"content":{"rendered":"\n<div class=\"wp-block-media-text is-stacked-on-mobile has-background\" style=\"background-color:#c5c5c5;grid-template-columns:17% auto\"><figure class=\"wp-block-media-text__media\"><img loading=\"lazy\" decoding=\"async\" width=\"151\" height=\"200\" src=\"https:\/\/www.vorarlberger-walservereinigung.at\/vwvwp\/wp-content\/uploads\/2015\/06\/blons.gif\" alt=\"Blons\" class=\"wp-image-1079 size-full\"\/><\/figure><div class=\"wp-block-media-text__content\">\n<h2 class=\"wp-block-heading\">Blons<\/h2>\n\n\n\n<p>Otmar Ganahl<\/p>\n\n\n\n<h3 class=\"wp-block-heading\">Kontakt<\/h3>\n\n\n\n<p>Blons 123<br>6723 Blons<br>\u260e +43 5553 8102 312<br>\ud83d\udce7 teslab@teslab.com<\/p>\n\n\n\n<blockquote class=\"wp-block-quote is-layout-flow wp-block-quote-is-layout-flow\">\n<p><em>\u201eIch habe die Chronistenaufgabe von meinem Vater \u00fcbernommen, der diese von meinem Gro\u00dfvater \u00fcbernommen hat.\u201c<\/em><\/p>\n<\/blockquote>\n<\/div><\/div>\n\n\n\n<div class=\"wp-block-media-text is-stacked-on-mobile\" style=\"grid-template-columns:17% auto\"><figure class=\"wp-block-media-text__media\"><img loading=\"lazy\" decoding=\"async\" width=\"142\" height=\"200\" src=\"https:\/\/www.vorarlberger-walservereinigung.at\/vwvwp\/wp-content\/uploads\/2015\/06\/brand.gif\" alt=\"\" class=\"wp-image-1080 size-full\"\/><\/figure><div class=\"wp-block-media-text__content\">\n<h2 class=\"wp-block-heading\">Brand<\/h2>\n\n\n\n<p>Klaus Bitschi<\/p>\n\n\n\n<h4 class=\"wp-block-heading\">Kontakt<\/h4>\n\n\n\n<p>Gufer 81<br>A-6708 Brand<br>\u260e +43 5559 30816<br>\u260e +43 660 4914777<br>\ud83d\udce7 klaus.bitschi@brand.at<\/p>\n\n\n\n<blockquote class=\"wp-block-quote is-layout-flow wp-block-quote-is-layout-flow\">\n<p><\/p>\n<\/blockquote>\n<\/div><\/div>\n\n\n\n<div class=\"wp-block-media-text is-stacked-on-mobile has-background\" style=\"background-color:#c5c5c5;grid-template-columns:17% auto\"><figure class=\"wp-block-media-text__media\"><img loading=\"lazy\" decoding=\"async\" width=\"200\" height=\"228\" src=\"https:\/\/www.vorarlberger-walservereinigung.at\/vwvwp\/wp-content\/uploads\/2015\/06\/buerserberg.gif\" alt=\"\" class=\"wp-image-1081 size-full\"\/><\/figure><div class=\"wp-block-media-text__content\">\n<h2 class=\"wp-block-heading\">B\u00fcrserberg<\/h2>\n\n\n\n<p>Karl Fritsche<\/p>\n\n\n\n<h4 class=\"wp-block-heading\">Kontakt<\/h4>\n\n\n\n<p>Boden 36<br>A-6700 B\u00fcrserberg<br>\u260e +43 5552 33490<br>\ud83d\udce7 k.fritsche@aon.at<\/p>\n\n\n\n<blockquote class=\"wp-block-quote is-layout-flow wp-block-quote-is-layout-flow\">\n<p><em>\u201eMir ist wichtig, unsere kulturellen Wurzeln weiter zu vermitteln. Aus der Verbundenheit mit dem, was wir Heimat nennen, ist mit Schaffensfreude und Ehrlichkeit aus bescheidensten Anf\u00e4ngen \u00fcber viele Generationen Gro\u00dfes in unseren D\u00f6rfern entstanden. Trotzdem sind noch deutliche Spuren zum G\u00f6ttlichen erhalten geblieben. Wichtig sind mir auch die Werte Subsidiarit\u00e4t und Eigenverantwortung.\u201c\u201eWas nicht geschrieben wird, verschwindet und ist irgendwann vergessen. Mit meinen Beitr\u00e4gen zur Chronik \u00fcber Brand hoffe ich, dass auch in Jahren danach l\u00e4ngst Vergangenes immer noch in Erinnerung bleibt.\u201c<\/em><\/p>\n<\/blockquote>\n<\/div><\/div>\n\n\n\n<div class=\"wp-block-media-text is-stacked-on-mobile\" style=\"grid-template-columns:17% auto\"><figure class=\"wp-block-media-text__media\"><img loading=\"lazy\" decoding=\"async\" width=\"161\" height=\"200\" src=\"https:\/\/www.vorarlberger-walservereinigung.at\/vwvwp\/wp-content\/uploads\/2015\/06\/damuels.gif\" alt=\"\" class=\"wp-image-1082 size-full\"\/><\/figure><div class=\"wp-block-media-text__content\">\n<h2 class=\"wp-block-heading\">Dam\u00fcls<\/h2>\n\n\n\n<p>Bernd Madlener<\/p>\n\n\n\n<h4 class=\"wp-block-heading\">Kontakt<\/h4>\n\n\n\n<p>Dam\u00fcls 180<br>A-6884 Dam\u00fcls<br>\u260e +43 5510 621 11<br>\ud83d\udce7 gemeinde@damuels.at<\/p>\n\n\n\n<blockquote class=\"wp-block-quote is-layout-flow wp-block-quote-is-layout-flow\">\n<p><em>\u201eIch habe die Verfassung des Berichtes von meinem Vorg\u00e4nger als Gemeindesekret\u00e4r \u00fcbernommen. Mir w\u00fcrde etwas fehlen, wenn ich die j\u00e4hrliche Gemeindechronik am Jahresende nicht mehr schreiben w\u00fcrde. Die Chronik liefert einen interessanten Blick auf die vielen Ereignisse des abgelaufenen Jahres.\u201c<\/em><\/p>\n<\/blockquote>\n<\/div><\/div>\n\n\n\n<div class=\"wp-block-media-text is-stacked-on-mobile has-background\" style=\"background-color:#c5c5c5;grid-template-columns:17% auto\"><figure class=\"wp-block-media-text__media\"><img loading=\"lazy\" decoding=\"async\" width=\"148\" height=\"200\" src=\"https:\/\/www.vorarlberger-walservereinigung.at\/vwvwp\/wp-content\/uploads\/2015\/06\/duenserberg.gif\" alt=\"\" class=\"wp-image-1083 size-full\"\/><\/figure><div class=\"wp-block-media-text__content\">\n<h2 class=\"wp-block-heading\">D\u00fcnserberg<\/h2>\n\n\n\n<p>Angela Schnetzer<\/p>\n\n\n\n<h4 class=\"wp-block-heading\">Kontakt<\/h4>\n\n\n\n<p>Montanast 22<br>6822 D\u00fcnserberg<br>\u260e +43 5524 2411<br>\ud83d\udce7 kassier@duenserberg.at<\/p>\n\n\n\n<blockquote class=\"wp-block-quote is-layout-flow wp-block-quote-is-layout-flow\">\n<p><em>\u201eIch finde es sehr wertvoll, dass wichtige Geschehnisse einer Gemeinde j\u00e4hrlich in solch einem Rahmen dokumentiert werden, deshalb habe ich diese T\u00e4tigkeit vergangenes Jahr sehr gerne von meiner Vorg\u00e4ngerin im Gemeindeamt, Frau Annemarie Hartmann, \u00fcbernommen.\u201c<\/em><\/p>\n<\/blockquote>\n<\/div><\/div>\n\n\n\n<div class=\"wp-block-media-text is-stacked-on-mobile\" style=\"grid-template-columns:17% auto\"><figure class=\"wp-block-media-text__media\"><img loading=\"lazy\" decoding=\"async\" width=\"136\" height=\"200\" src=\"https:\/\/www.vorarlberger-walservereinigung.at\/vwvwp\/wp-content\/uploads\/2015\/06\/ebnit.gif\" alt=\"\" class=\"wp-image-1084 size-full\"\/><\/figure><div class=\"wp-block-media-text__content\">\n<h2 class=\"wp-block-heading\">Ebnit<\/h2>\n\n\n\n<p>Mario Peter<\/p>\n\n\n\n<h4 class=\"wp-block-heading\">Kontakt<\/h4>\n\n\n\n<p>Ebnit 92<br>A-6850 Dornbirn<br>\u260e +43 6645 80389239<br>\ud83d\udce7 mariopeter@hotmail.com<\/p>\n\n\n\n<blockquote class=\"wp-block-quote is-layout-flow wp-block-quote-is-layout-flow\">\n<p><em>\u201eAllt\u00e4gliche Dinge im Leben eines Dorfes geraten leicht in Vergessenheit, wenn man sie nicht aufschreibt. Ich m\u00f6chte ein wenig dazu beitragen, dass sie in Erinnerung bleiben.\u201c<\/em><\/p>\n<\/blockquote>\n<\/div><\/div>\n\n\n\n<div class=\"wp-block-media-text is-stacked-on-mobile has-background\" style=\"background-color:#c5c5c5;grid-template-columns:17% auto\"><figure class=\"wp-block-media-text__media\"><img loading=\"lazy\" decoding=\"async\" width=\"156\" height=\"200\" src=\"https:\/\/www.vorarlberger-walservereinigung.at\/vwvwp\/wp-content\/uploads\/2015\/06\/fontanella.gif\" alt=\"\" class=\"wp-image-1085 size-full\"\/><\/figure><div class=\"wp-block-media-text__content\">\n<h2 class=\"wp-block-heading\">Fontanella<\/h2>\n\n\n\n<p>Marlies Bouzo<\/p>\n\n\n\n<h4 class=\"wp-block-heading\">Kontakt<\/h4>\n\n\n\n<p>Kirchberg 91<br>A-6733 Fontanella<br>\u260e +43 664 73560862<br>\ud83d\udce7 marlies.bouzo@fontanella.at<\/p>\n\n\n\n<blockquote class=\"wp-block-quote is-layout-flow wp-block-quote-is-layout-flow\">\n<p><em>\u201eIch freue mich, durch das Schreiben der Chronik ein St\u00fcck Dorfgeschichte von Fontanella zusammentragen und festhalten zu k\u00f6nnen. Die Walserheimat ist auch durch die Beitr\u00e4ge zur Heimat- und Volkskunde insgesamt eine wertvolle Zeitschrift f\u00fcr jetzt und f\u00fcr sp\u00e4ter. \u201c<\/em><\/p>\n<\/blockquote>\n<\/div><\/div>\n\n\n\n<div class=\"wp-block-media-text is-stacked-on-mobile\" style=\"grid-template-columns:17% auto\"><figure class=\"wp-block-media-text__media\"><img loading=\"lazy\" decoding=\"async\" width=\"171\" height=\"200\" src=\"https:\/\/www.vorarlberger-walservereinigung.at\/vwvwp\/wp-content\/uploads\/2015\/06\/galtuer.gif\" alt=\"\" class=\"wp-image-1086 size-full\"\/><\/figure><div class=\"wp-block-media-text__content\">\n<h2 class=\"wp-block-heading\">Galt\u00fcr<\/h2>\n\n\n\n<p>Alpinarium Galt\u00fcr\/ Helmut P\u00f6ll<\/p>\n\n\n\n<h4 class=\"wp-block-heading\">Kontakt<\/h4>\n\n\n\n<p>Galt\u00fcr 29c<br>A-6563 Galt\u00fcr<br>\ud83d\udce7 info@alpinarium.at<\/p>\n<\/div><\/div>\n\n\n\n<div class=\"wp-block-media-text is-stacked-on-mobile has-background\" style=\"background-color:#c5c5c5;grid-template-columns:17% auto\"><figure class=\"wp-block-media-text__media\"><img loading=\"lazy\" decoding=\"async\" width=\"150\" height=\"200\" src=\"https:\/\/www.vorarlberger-walservereinigung.at\/vwvwp\/wp-content\/uploads\/2015\/06\/laterns.gif\" alt=\"\" class=\"wp-image-1088 size-full\"\/><\/figure><div class=\"wp-block-media-text__content\">\n<h2 class=\"wp-block-heading\">Laterns<\/h2>\n\n\n\n<p>Dietmar Breu\u00df<\/p>\n\n\n\n<h4 class=\"wp-block-heading\">Kontakt<\/h4>\n\n\n\n<p>Laterns 57<br>A-6830 Laterns<br>\u260e +43 5526 463<br>\u260e +43 664 4325450<br>\ud83d\udce7 dietmar.breuss@aon.at<\/p>\n\n\n\n<blockquote class=\"wp-block-quote is-layout-flow wp-block-quote-is-layout-flow\">\n<p><em>\u201eBereits Johann Wolfgang von Goethe bemerkte: \u201aEine Chronik schreibt nur derjenige, dem die Gegenwart wichtig ist\u2018. Es ist f\u00fcr mich faszinierend, die Vorkommnisse und Ver\u00e4nderungen in einer Gemeinde laufend zu verfolgen und auch festzuhalten.\u201c<\/em><\/p>\n<\/blockquote>\n<\/div><\/div>\n\n\n\n<div class=\"wp-block-media-text is-stacked-on-mobile\" style=\"grid-template-columns:17% auto\"><figure class=\"wp-block-media-text__media\"><img loading=\"lazy\" decoding=\"async\" width=\"174\" height=\"200\" src=\"https:\/\/www.vorarlberger-walservereinigung.at\/vwvwp\/wp-content\/uploads\/2015\/06\/lech.gif\" alt=\"\" class=\"wp-image-1089 size-full\"\/><\/figure><div class=\"wp-block-media-text__content\">\n<h2 class=\"wp-block-heading\">Lech<\/h2>\n\n\n\n<p>Birgit Heinrich<\/p>\n\n\n\n<h4 class=\"wp-block-heading\">Kontakt<\/h4>\n\n\n\n<p>Dorf 26<br>A-6764 Lech<br>\u260e +43 5583 2213-243<br>\ud83d\udce7 birgit.heinrich@gemeinde.lech.at<\/p>\n<\/div><\/div>\n\n\n\n<div class=\"wp-block-media-text is-stacked-on-mobile has-background\" style=\"background-color:#c5c5c5;grid-template-columns:17% auto\"><figure class=\"wp-block-media-text__media\"><img loading=\"lazy\" decoding=\"async\" width=\"190\" height=\"200\" src=\"https:\/\/www.vorarlberger-walservereinigung.at\/vwvwp\/wp-content\/uploads\/2015\/06\/mittelberg.gif\" alt=\"\" class=\"wp-image-1090 size-full\"\/><\/figure><div class=\"wp-block-media-text__content\">\n<h2 class=\"wp-block-heading\">Mittelberg<\/h2>\n\n\n\n<p>Stefan Heim<\/p>\n\n\n\n<h4 class=\"wp-block-heading\">Kontakt<\/h4>\n\n\n\n<p>Gemstelweg 6<br>A-6993 Mittelberg<br>\u260e +43 664 2403250<br>\ud83d\udce7 stefan.heim@gde-mittelberg.at<br><\/p>\n\n\n\n<blockquote class=\"wp-block-quote is-layout-flow wp-block-quote-is-layout-flow\">\n<p><em>\u201eIch schreibe als Chronist f\u00fcr die Walserheimat, da mir das \u201aWalser Thema\u2018 seit meiner Kindheit am Herzen liegt und die anderen Walser Gemeinden auch etwas mehr aus meiner Heimatgemeinde erfahren sollen.\u201c<\/em><\/p>\n<\/blockquote>\n<\/div><\/div>\n\n\n\n<div class=\"wp-block-media-text is-stacked-on-mobile\" style=\"grid-template-columns:17% auto\"><figure class=\"wp-block-media-text__media\"><img loading=\"lazy\" decoding=\"async\" width=\"145\" height=\"200\" src=\"https:\/\/www.vorarlberger-walservereinigung.at\/vwvwp\/wp-content\/uploads\/2015\/06\/raggal.gif\" alt=\"\" class=\"wp-image-1091 size-full\"\/><\/figure><div class=\"wp-block-media-text__content\">\n<h2 class=\"wp-block-heading\">Raggal\/ Marul<\/h2>\n\n\n\n<p>Zita Zech<\/p>\n\n\n\n<h4 class=\"wp-block-heading\">Kontakt<\/h4>\n\n\n\n<p>Raggal 61<br>6741 Raggal<br>\u260e +43 5553245<br>\ud83d\udce7 zech.gabriel@gmx.at<\/p>\n<\/div><\/div>\n\n\n\n<div class=\"wp-block-media-text is-stacked-on-mobile has-background\" style=\"background-color:#c5c5c5;grid-template-columns:17% auto\"><figure class=\"wp-block-media-text__media\"><img loading=\"lazy\" decoding=\"async\" width=\"163\" height=\"200\" src=\"https:\/\/www.vorarlberger-walservereinigung.at\/vwvwp\/wp-content\/uploads\/2015\/06\/schroecken.gif\" alt=\"\" class=\"wp-image-1092 size-full\"\/><\/figure><div class=\"wp-block-media-text__content\">\n<h2 class=\"wp-block-heading\">Schr\u00f6cken<\/h2>\n\n\n\n<p>Stefan Schwarzmann<\/p>\n\n\n\n<h4 class=\"wp-block-heading\">Kontakt<\/h4>\n\n\n\n<p>Heimboden 2<br>A-6888 Schr\u00f6cken<br>\u260e +43 5519 26719<br>\ud83d\udce7 s.schwarzmann@warth-schroecken.com<\/p>\n\n\n\n<blockquote class=\"wp-block-quote is-layout-flow wp-block-quote-is-layout-flow\">\n<p><em>\u201eIch bin gerne Mitglied der \u201aWalserheimat-Familie\u2018. Es ist immer wieder interessant, den j\u00e4hrlichen Bericht f\u00fcr das Walserheft zu schreiben und somit einen Beitrag zur Chronik der Gemeinde leisten zu k\u00f6nnen.\u201c<\/em><\/p>\n<\/blockquote>\n<\/div><\/div>\n\n\n\n<div class=\"wp-block-media-text is-stacked-on-mobile\" style=\"grid-template-columns:17% auto\"><figure class=\"wp-block-media-text__media\"><img loading=\"lazy\" decoding=\"async\" width=\"150\" height=\"200\" src=\"https:\/\/www.vorarlberger-walservereinigung.at\/vwvwp\/wp-content\/uploads\/2015\/06\/silbertal.gif\" alt=\"\" class=\"wp-image-1093 size-full\"\/><\/figure><div class=\"wp-block-media-text__content\">\n<h2 class=\"wp-block-heading\">Silbertal<\/h2>\n\n\n\n<p>Thomas Zudrell<\/p>\n\n\n\n<h4 class=\"wp-block-heading\">Kontakt<\/h4>\n\n\n\n<p>Dorfstra\u00dfe 8<br>A-6780 Silbertal<br>\u260e +43-5556-74104<br>\ud83d\udce7 thomas.zudrell@silbertal.at<\/p>\n\n\n\n<blockquote class=\"wp-block-quote is-layout-flow wp-block-quote-is-layout-flow\">\n<p><em>\u201eSeit dem Beitritt von Silbertal zur VWV bin ich Chronist meiner Heimatgemeinde. Als junger Lehrer der einklassigen Schule am Kristberg wurde ich damals von B\u00fcrgermeister Hermann Brugger und nicht zuletzt von meinem Vater Ulrich in diese Funktion hinauf gelobt. Damit war auch der Weg vorgezeichnet f\u00fcr meine T\u00e4tigkeit als Sammler, Archivar sowie als Autor von Dokumentationen der Silbertaler Heimatgeschichte.\u201c<\/em><\/p>\n<\/blockquote>\n<\/div><\/div>\n\n\n\n<div class=\"wp-block-media-text is-stacked-on-mobile has-background\" style=\"background-color:#c5c5c5;grid-template-columns:17% auto\"><figure class=\"wp-block-media-text__media\"><img loading=\"lazy\" decoding=\"async\" width=\"155\" height=\"200\" src=\"https:\/\/www.vorarlberger-walservereinigung.at\/vwvwp\/wp-content\/uploads\/2015\/06\/sonntag.gif\" alt=\"\" class=\"wp-image-1094 size-full\"\/><\/figure><div class=\"wp-block-media-text__content\">\n<h2 class=\"wp-block-heading\">Sonntag<\/h2>\n\n\n\n<p>Monika Bischof<\/p>\n\n\n\n<h4 class=\"wp-block-heading\">Kontakt<\/h4>\n\n\n\n<p>Buchholz 4<br>A-6731 Sonntag<br>\u260e +664 8916117<br>\ud83d\udce7 monika@vorarlberger-walservereinigung.at<\/p>\n\n\n\n<blockquote class=\"wp-block-quote is-layout-flow wp-block-quote-is-layout-flow\">\n<p><em>\u201eBesonders spannend ist die Arbeit bei der Walserheimat, wenn es gelingt, altes Wissen festzuhalten und Zeitzeugen zu Wort kommen zu lassen.\u201c<\/em><\/p>\n<\/blockquote>\n<\/div><\/div>\n\n\n\n<div class=\"wp-block-media-text is-stacked-on-mobile\" style=\"grid-template-columns:17% auto\"><figure class=\"wp-block-media-text__media\"><img loading=\"lazy\" decoding=\"async\" width=\"143\" height=\"193\" src=\"https:\/\/www.vorarlberger-walservereinigung.at\/vwvwp\/wp-content\/uploads\/2025\/02\/Wappen_at_sankt_gerold.png\" alt=\"\" class=\"wp-image-19519 size-full\"\/><\/figure><div class=\"wp-block-media-text__content\">\n<h2 class=\"wp-block-heading\">St. Gerold<\/h2>\n\n\n\n<p>Carmen Hartmann<\/p>\n\n\n\n<h4 class=\"wp-block-heading\">Kontakt<\/h4>\n\n\n\n<p>Martinastra\u00dfe 10<br>A-6722 St. Gerold<br>\u260e +43 664 4503170<br>\ud83d\udce7 hartmann.carmen95@gmail.com<\/p>\n\n\n\n<blockquote class=\"wp-block-quote is-layout-flow wp-block-quote-is-layout-flow\">\n<p><\/p>\n<\/blockquote>\n<\/div><\/div>\n\n\n\n<div class=\"wp-block-media-text is-stacked-on-mobile has-background\" style=\"background-color:#c5c5c5;grid-template-columns:17% auto\"><figure class=\"wp-block-media-text__media\"><img loading=\"lazy\" decoding=\"async\" width=\"150\" height=\"200\" src=\"https:\/\/www.vorarlberger-walservereinigung.at\/vwvwp\/wp-content\/uploads\/2015\/06\/thueringerberg.gif\" alt=\"\" class=\"wp-image-1097 size-full\"\/><\/figure><div class=\"wp-block-media-text__content\">\n<h2 class=\"wp-block-heading\">Th\u00fcringerberg<\/h2>\n\n\n\n<p>Werner Rinderer<\/p>\n\n\n\n<h4 class=\"wp-block-heading\">Kontakt<\/h4>\n\n\n\n<p>Th\u00fcringerberg 14<br>A-6721 Th\u00fcringerberg<br>\u260e +43 5550 2570<br>\ud83d\udce7 werner.rinderer@schule.at<\/p>\n\n\n\n<blockquote class=\"wp-block-quote is-layout-flow wp-block-quote-is-layout-flow\">\n<p><em>\u201eMit meiner T\u00e4tigkeit als Chronist m\u00f6chte ich meinen Beitrag f\u00fcr die Walserheimat und damit f\u00fcr die Vorarlberger Walservereinigung leisten, um einerseits meine Wertsch\u00e4tzung f\u00fcr deren Arbeit zu zeigen und andererseits deren wertvolle Arbeit f\u00fcr das Walsertum zu unterst\u00fctzen.\u201c<\/em><\/p>\n<\/blockquote>\n<\/div><\/div>\n\n\n\n<div class=\"wp-block-media-text is-stacked-on-mobile\" style=\"grid-template-columns:17% auto\"><figure class=\"wp-block-media-text__media\"><img loading=\"lazy\" decoding=\"async\" width=\"172\" height=\"200\" src=\"https:\/\/www.vorarlberger-walservereinigung.at\/vwvwp\/wp-content\/uploads\/2015\/06\/triesenberg.gif\" alt=\"\" class=\"wp-image-1098 size-full\"\/><\/figure><div class=\"wp-block-media-text__content\">\n<h2 class=\"wp-block-heading\">Triesenberg<\/h2>\n\n\n\n<p>Hubert Sele<\/p>\n\n\n\n<h4 class=\"wp-block-heading\">Kontakt<\/h4>\n\n\n\n<p>Rotenbodenstrasse 160<br>LI-9497 Triesenberg<br>\ud83d\udce7 hubert.sele@adon.li<\/p>\n<\/div><\/div>\n\n\n\n<div class=\"wp-block-media-text is-stacked-on-mobile has-background\" style=\"background-color:#c5c5c5;grid-template-columns:17% auto\"><figure class=\"wp-block-media-text__media\"><img loading=\"lazy\" decoding=\"async\" width=\"152\" height=\"200\" src=\"https:\/\/www.vorarlberger-walservereinigung.at\/vwvwp\/wp-content\/uploads\/2015\/06\/warth.gif\" alt=\"\" class=\"wp-image-1099 size-full\"\/><\/figure><div class=\"wp-block-media-text__content\">\n<h2 class=\"wp-block-heading\">Warth<\/h2>\n\n\n\n<p>Gebhard Fritz<\/p>\n\n\n\n<h4 class=\"wp-block-heading\">Kontakt<\/h4>\n\n\n\n<p>Warth 56<br>A-6767 Warth<br>\u260e +43 5583 2716<br>\u260e +43 664 504 7840<br>\ud83d\udce7 gebhardfritz07@gmail.com<\/p>\n\n\n\n<blockquote class=\"wp-block-quote is-layout-flow wp-block-quote-is-layout-flow\">\n<p>&#8222;<em>Meine Verbundenheit mit dem Walserbrauchtum beruht darauf, dass ich in Gehren &#8211; eine kleine Parzelle vis-a-vis von Warth &#8211; aufgewachsen bin, mit zwei Br\u00fcdern und einer Schwester. Nach dem Schulbesuch in Warth erlernte ich den Beruf des Kunstschmieds, im Anschluss daran absolvierte ich die staatliche Schilehrer- und Bergf\u00fchrerausbildung. Viele Jahre war ich im gesamten europ\u00e4ischen Alpenraum, vor allem in den Westalpen und den Walsergebieten unterwegs. Der Duft der weiten Welt lockte, und so waren Expeditionen angesagt und alles ist gut gelaufen.<\/em><br><em>20 Jahre Schischulleiter und 20 Jahre B\u00fcrgermeister in Warth waren sch\u00f6ne und spannende Aufgaben, jetzt jedoch freue ich mich u.a. auf diese meine neue Aufgabe.<\/em>&#8222;<\/p>\n<\/blockquote>\n<\/div><\/div>\n","protected":false},"excerpt":{"rendered":"<p>Blons Otmar Ganahl Kontakt Blons 1236723 Blons\u260e +43 5553 8102 312\ud83d\udce7 teslab@teslab.com \u201eIch habe die Chronistenaufgabe von meinem Vater \u00fcbernommen, der diese von meinem Gro\u00dfvater \u00fcbernommen hat.\u201c Brand Klaus Bitschi Kontakt Gufer 81A-6708 Brand\u260e +43 5559 30816\u260e +43 660 4914777\ud83d\udce7 klaus.bitschi@brand.at B\u00fcrserberg Karl Fritsche Kontakt Boden 36A-6700 B\u00fcrserberg\u260e +43 5552 33490\ud83d\udce7 k.fritsche@aon.at \u201eMir ist wichtig, [&#8230;]<\/p>\n","protected":false},"author":1,"featured_media":0,"parent":0,"menu_order":0,"comment_status":"closed","ping_status":"closed","template":"","meta":{"ngg_post_thumbnail":0,"footnotes":""},"superkategorien":[],"class_list":["post-18674","page","type-page","status-publish","hentry"],"_links":{"self":[{"href":"https:\/\/www.vorarlberger-walservereinigung.at\/vwvwp\/wp-json\/wp\/v2\/pages\/18674","targetHints":{"allow":["GET"]}}],"collection":[{"href":"https:\/\/www.vorarlberger-walservereinigung.at\/vwvwp\/wp-json\/wp\/v2\/pages"}],"about":[{"href":"https:\/\/www.vorarlberger-walservereinigung.at\/vwvwp\/wp-json\/wp\/v2\/types\/page"}],"author":[{"embeddable":true,"href":"https:\/\/www.vorarlberger-walservereinigung.at\/vwvwp\/wp-json\/wp\/v2\/users\/1"}],"replies":[{"embeddable":true,"href":"https:\/\/www.vorarlberger-walservereinigung.at\/vwvwp\/wp-json\/wp\/v2\/comments?post=18674"}],"version-history":[{"count":12,"href":"https:\/\/www.vorarlberger-walservereinigung.at\/vwvwp\/wp-json\/wp\/v2\/pages\/18674\/revisions"}],"predecessor-version":[{"id":19648,"href":"https:\/\/www.vorarlberger-walservereinigung.at\/vwvwp\/wp-json\/wp\/v2\/pages\/18674\/revisions\/19648"}],"wp:attachment":[{"href":"https:\/\/www.vorarlberger-walservereinigung.at\/vwvwp\/wp-json\/wp\/v2\/media?parent=18674"}],"wp:term":[{"taxonomy":"superkategorien","embeddable":true,"href":"https:\/\/www.vorarlberger-walservereinigung.at\/vwvwp\/wp-json\/wp\/v2\/superkategorien?post=18674"}],"curies":[{"name":"wp","href":"https:\/\/api.w.org\/{rel}","templated":true}]}}