{"id":14788,"date":"2019-06-12T20:08:53","date_gmt":"2019-06-12T18:08:53","guid":{"rendered":"https:\/\/www.vorarlberger-walservereinigung.at\/vwvwp\/?page_id=14788"},"modified":"2024-03-08T12:04:50","modified_gmt":"2024-03-08T11:04:50","slug":"alois-fritz","status":"publish","type":"page","link":"https:\/\/www.vorarlberger-walservereinigung.at\/vwvwp\/alois-fritz\/","title":{"rendered":"Alois Fritz &dagger;"},"content":{"rendered":"\n<div class=\"wp-block-media-text is-stacked-on-mobile\"><figure class=\"wp-block-media-text__media\"><img loading=\"lazy\" decoding=\"async\" width=\"591\" height=\"863\" src=\"https:\/\/www.vorarlberger-walservereinigung.at\/vwvwp\/wp-content\/uploads\/2019\/06\/Bild_alois_fritz.jpg\" alt=\"\" class=\"wp-image-14790 size-full\" srcset=\"https:\/\/www.vorarlberger-walservereinigung.at\/vwvwp\/wp-content\/uploads\/2019\/06\/Bild_alois_fritz.jpg 591w, https:\/\/www.vorarlberger-walservereinigung.at\/vwvwp\/wp-content\/uploads\/2019\/06\/Bild_alois_fritz-205x300.jpg 205w, https:\/\/www.vorarlberger-walservereinigung.at\/vwvwp\/wp-content\/uploads\/2019\/06\/Bild_alois_fritz-103x150.jpg 103w\" sizes=\"auto, (max-width: 591px) 100vw, 591px\" \/><\/figure><div class=\"wp-block-media-text__content\">\n<p>Der langj\u00e4hrige Obmann und Ehrenobmann der Vorarlberger Walservereinigung (VWV) Alois Fritz ist am 4. Juni 2019 in Riezlern im Kleinwalsertal gestorben.<\/p>\n\n\n\n<p>Luis wurde 1930 geboren und besuchte die Volksschule in Riezlern und die Handelsschule in Leutkirch. In Riezlern und in der Schweiz erlernte er das Schmiedehandwerk. Nach der Meisterpr\u00fcfung arbeitete er in Oberhausen in Deutschland. Als Montageleiter f\u00fcr den Bau der Kanzelwandbahn wurde er wieder in die Heimat geschickt. Dort war er als stellvertretender<br>Betriebsleiter t\u00e4tig, bis er sich mit einer Schlosserei selbstst\u00e4ndig machte. F\u00fcr seine Familie baute er in Riezlern ein G\u00e4stehaus und zog vier Kinder gro\u00df.<\/p>\n<\/div><\/div>\n\n\n\n<p>Luis war einige Jahre in der Gemeindevertretung aktiv und \u00fcbernahm 1988 das Amt des B\u00fcrgermeisters. Bis 1995 leitete er mit viel Geschick die Gemeinde Mittelberg. 2008 wurde er mit dem Ehrenring der Gemeinde ausgezeichnet.<\/p>\n\n\n\n<p>1997 \u00fcbernahm er die Obmannschaft der VWV. Er hat viele Projekte angesto\u00dfen und versucht, die Walservereinigung mit innovativem Schwung voranzubringen und vor allem auch f\u00fcr junge Leute interessant zu machen. Er f\u00fchrte zum Beispiel den j\u00e4hrlich in einer anderen Walsergemeinde stattfindenden Kirchentag ein, um die Generalversammlung attraktiver zu gestalten. Gemeinsam mit dem Vorstand und der Redaktion hat er f\u00fcr die \u201eWalserheimat\u201c ein neues Konzept entwickelt und umgesetzt. Ein Leitbild wurde erarbeitet und die Vereinsstruktur umgestellt, um mehr Interessierten die M\u00f6glichkeit zur Mitgliedschaft und Mitarbeit zu geben.<\/p>\n\n\n\n<p>Luis war es immer wichtig, gute Kontakte zu den Walsern in Graub\u00fcnden, im Wallis und den S\u00fcdwalsern in Norditalien zu kn\u00fcpfen. Ein gro\u00dfes Projekt im Rahmen einer F\u00f6rderaktion durch die Europ\u00e4ische Union mit dem Namen \u201eWalser Alps\u201c bot dazu gute Gelegenheiten. Er musste dabei allerdings auch lernen: Walser sind nicht nur kontaktfreudig, sie k\u00f6nnen auch stur sein &#8211; das machte es manchmal f\u00fcr ihn schwierig, seine Ideen umzusetzen. Luis lie\u00df sich dadurch aber nicht von seinem Weg abbringen. Er erkannte, wo es sich lohnte nachzubohren, und wo es besser war, seine Kr\u00e4fte zu schonen. Der Lauf der Zeit half dann oft nach.<\/p>\n\n\n\n<p>2009 hat er die Obmannschaft an seine Gattin Barbara \u00fcbergeben. F\u00fcr seine gro\u00dfen Verdienste um die Walser wurde er zum Ehrenobmann der Vorarlberger Walservereinigung ernannt.<\/p>\n\n\n\n<p>Die Walser und ihre Geschichte lagen ihm stets sehr am Herzen. Sie waren ein Teil seines Lebenswerkes. Gerne setzte er sich mit neuen Erkenntnissen von Historikern auseinander und versuchte,<br>seinen gro\u00dfen Erfahrungsschatz in die Diskussionen einzubringen. Wir danken Luis f\u00fcr seinen tatkr\u00e4ftigen Einsatz und seine Unterst\u00fctzung f\u00fcr die Walser und die VWV. Luis war ein gro\u00dfer Mann \u2013 und vor allem ein gro\u00dfartiger Mensch. Seine Fu\u00dfstapfen werden noch lange sichtbar sein.<\/p>\n","protected":false},"excerpt":{"rendered":"<p>Der langj\u00e4hrige Obmann und Ehrenobmann der Vorarlberger Walservereinigung (VWV) Alois Fritz ist am 4. Juni 2019 in Riezlern im Kleinwalsertal gestorben. Luis wurde 1930 geboren und besuchte die Volksschule in Riezlern und die Handelsschule in Leutkirch. In Riezlern und in der Schweiz erlernte er das Schmiedehandwerk. Nach der Meisterpr\u00fcfung arbeitete er in Oberhausen in Deutschland. [&#8230;]<\/p>\n","protected":false},"author":1,"featured_media":0,"parent":0,"menu_order":0,"comment_status":"closed","ping_status":"closed","template":"","meta":{"ngg_post_thumbnail":0,"footnotes":""},"superkategorien":[],"class_list":["post-14788","page","type-page","status-publish","hentry"],"_links":{"self":[{"href":"https:\/\/www.vorarlberger-walservereinigung.at\/vwvwp\/wp-json\/wp\/v2\/pages\/14788","targetHints":{"allow":["GET"]}}],"collection":[{"href":"https:\/\/www.vorarlberger-walservereinigung.at\/vwvwp\/wp-json\/wp\/v2\/pages"}],"about":[{"href":"https:\/\/www.vorarlberger-walservereinigung.at\/vwvwp\/wp-json\/wp\/v2\/types\/page"}],"author":[{"embeddable":true,"href":"https:\/\/www.vorarlberger-walservereinigung.at\/vwvwp\/wp-json\/wp\/v2\/users\/1"}],"replies":[{"embeddable":true,"href":"https:\/\/www.vorarlberger-walservereinigung.at\/vwvwp\/wp-json\/wp\/v2\/comments?post=14788"}],"version-history":[{"count":9,"href":"https:\/\/www.vorarlberger-walservereinigung.at\/vwvwp\/wp-json\/wp\/v2\/pages\/14788\/revisions"}],"predecessor-version":[{"id":18910,"href":"https:\/\/www.vorarlberger-walservereinigung.at\/vwvwp\/wp-json\/wp\/v2\/pages\/14788\/revisions\/18910"}],"wp:attachment":[{"href":"https:\/\/www.vorarlberger-walservereinigung.at\/vwvwp\/wp-json\/wp\/v2\/media?parent=14788"}],"wp:term":[{"taxonomy":"superkategorien","embeddable":true,"href":"https:\/\/www.vorarlberger-walservereinigung.at\/vwvwp\/wp-json\/wp\/v2\/superkategorien?post=14788"}],"curies":[{"name":"wp","href":"https:\/\/api.w.org\/{rel}","templated":true}]}}