{"id":11409,"date":"2017-03-04T16:00:59","date_gmt":"2017-03-04T15:00:59","guid":{"rendered":"http:\/\/www.vorarlberger-walservereinigung.at\/vwvwp\/?page_id=11409"},"modified":"2024-03-06T15:32:10","modified_gmt":"2024-03-06T14:32:10","slug":"walsergebiete","status":"publish","type":"page","link":"https:\/\/www.vorarlberger-walservereinigung.at\/vwvwp\/walsergebiete\/","title":{"rendered":"Walsergebiete in Vorarlberg, Tirol und Liechtenstein"},"content":{"rendered":"<div class=\"wp-block-image\">\n<figure class=\"alignleft\"><a href=\"https:\/\/www.vorarlberger-walservereinigung.at\/vwvwp\/events\/event\/walser-herbst-2004-im-grossen-walsertal\/gwt1\/\" rel=\"attachment wp-att-3477\"><img loading=\"lazy\" decoding=\"async\" width=\"250\" height=\"188\" src=\"https:\/\/www.vorarlberger-walservereinigung.at\/vwvwp\/wp-content\/uploads\/2016\/11\/gwt1.jpg\" alt=\"\" class=\"wp-image-3477\" title=\"Gro\u00dfes Walsertal\" srcset=\"https:\/\/www.vorarlberger-walservereinigung.at\/vwvwp\/wp-content\/uploads\/2016\/11\/gwt1.jpg 250w, https:\/\/www.vorarlberger-walservereinigung.at\/vwvwp\/wp-content\/uploads\/2016\/11\/gwt1-150x113.jpg 150w\" sizes=\"auto, (max-width: 250px) 100vw, 250px\" \/><\/a><\/figure>\n<\/div>\n\n<\/p>\n<p><img loading=\"lazy\" decoding=\"async\" class=\"wp-image-17784 size-full alignleft\" src=\"https:\/\/www.vorarlberger-walservereinigung.at\/vwvwp\/wp-content\/uploads\/2024\/02\/vwv-star.png\" alt=\"\" width=\"21\" height=\"21\">&nbsp;<a href=\"https:\/\/www.vorarlberger-walservereinigung.at\/vwvwp\/gebiete\/grosses-walsertal\/\">Gro\u00dfes Walsertal<\/a>: Das Gro\u00dfe Walsertal ist ein Seitental des Walgaus. Es wird von der Lutz durchflossen und f\u00fchrt hinauf zum Faschinajoch, das den \u00dcbergang zum Bregenzerwald bildet. Im Gro\u00dfen Walsertal liegen die 6 Walsergemeinden <a href=\"http:\/\/www.vorarlberger-walservereinigung.at\/vwvwp\/thueringerberg\/\">Th\u00fcringerberg<\/a>, <a href=\"http:\/\/www.vorarlberger-walservereinigung.at\/vwvwp\/st-gerold\/\">St. Gerold<\/a>, <a href=\"http:\/\/www.vorarlberger-walservereinigung.at\/vwvwp\/blons\/\">Blons<\/a>, <a href=\"http:\/\/www.vorarlberger-walservereinigung.at\/vwvwp\/raggal\/\">Raggal<\/a>, <a href=\"http:\/\/www.vorarlberger-walservereinigung.at\/vwvwp\/sonntag\/\">Sonntag<\/a> und <a href=\"http:\/\/www.vorarlberger-walservereinigung.at\/vwvwp\/fontanella\/\">Fontanella<\/a>.<\/p>\n<hr style=\"width: 810px; height: 1px;\" size=\"1\">\n<p><\/p>\n<p><img loading=\"lazy\" decoding=\"async\" class=\"wp-image-17784 size-full alignleft\" src=\"https:\/\/www.vorarlberger-walservereinigung.at\/vwvwp\/wp-content\/uploads\/2024\/02\/vwv-star.png\" alt=\"\" width=\"21\" height=\"21\">&nbsp;<a href=\"https:\/\/www.vorarlberger-walservereinigung.at\/vwvwp\/gebiete\/kleinwalsertal\/\">Kleinwalsertal<\/a>: Das Kleinwalsertal wird von der Breitach durchflossen und ist auf der Stra\u00dfe nur vom angrenzenden Allg\u00e4u aus erreichbar. Eine Zufahrt von Vorarlberg her gibt es nicht. Das Kleinwalsertal ist deckungsgleich mit der Walsergemeinde <a href=\"http:\/\/www.vorarlberger-walservereinigung.at\/vwvwp\/mittelberg\/\">Mittelberg<\/a>. In ihm liegen die 3 Ortschaften Riezlern, Hirschegg und Mittelberg. Alle 3 Ortschaften zusammen bilden zusammen die politische Gemeinde Mittelberg.<\/p>\n<hr style=\"width: 810px; height: 1px;\" size=\"1\">\n<p><\/p>\n<p><img loading=\"lazy\" decoding=\"async\" class=\"wp-image-17784 size-full alignleft\" src=\"https:\/\/www.vorarlberger-walservereinigung.at\/vwvwp\/wp-content\/uploads\/2024\/02\/vwv-star.png\" alt=\"\" width=\"21\" height=\"21\">&nbsp;<a href=\"https:\/\/www.vorarlberger-walservereinigung.at\/vwvwp\/gebiete\/liechtenstein\/\">Liechtenstein<\/a>: Im F\u00fcrstentum Liechtenstein, das s\u00fcdlich an Vorarlberg angrenzt, liegt die Walsergemeinde <a href=\"http:\/\/www.vorarlberger-walservereinigung.at\/vwvwp\/triesenberg\/\">Triesenberg<\/a>. Sie ist heute die einzige Walsergemeinde in Liechtenstein. Fr\u00fcher gab es im F\u00fcrstentum noch weitere Walsersiedlungen, aber nur Triesenberg hat sich bis heute als solche erhalten.<\/p>\n<hr style=\"width: 810px; height: 1px;\" size=\"1\">\n<p><\/p>\n<p><img loading=\"lazy\" decoding=\"async\" class=\"wp-image-17784 size-full alignleft\" src=\"https:\/\/www.vorarlberger-walservereinigung.at\/vwvwp\/wp-content\/uploads\/2024\/02\/vwv-star.png\" alt=\"\" width=\"21\" height=\"21\">&nbsp;<a href=\"https:\/\/www.vorarlberger-walservereinigung.at\/vwvwp\/gebiete\/tannberg\/\">Tannberg<\/a>: Der Tannberg ist das Gebiet der 3 Walsergemeinden <a href=\"http:\/\/www.vorarlberger-walservereinigung.at\/vwvwp\/lech\/\">Lech<\/a>, <a href=\"http:\/\/www.vorarlberger-walservereinigung.at\/vwvwp\/warth\/\">Warth<\/a> und <a href=\"http:\/\/www.vorarlberger-walservereinigung.at\/vwvwp\/schroecken\/\">Schr\u00f6cken<\/a>, zwischen dem Arlberggebiet im Osten, dem Tiroler Lechtal im Norden und dem Bregenzerwald im Westen. Die 3 Gemeinden sind durch viele kulturelle Gemeinsamkeiten wie etwa dieselbe <a href=\"http:\/\/www.vorarlberger-walservereinigung.at\/vwvwp\/tannberg\/\">Tracht<\/a> miteinander verbunden.<\/p>\n<hr style=\"width: 810px; height: 1px;\" size=\"1\">\n<p><\/p>\n<p><img loading=\"lazy\" decoding=\"async\" class=\"wp-image-17784 size-full alignleft\" src=\"https:\/\/www.vorarlberger-walservereinigung.at\/vwvwp\/wp-content\/uploads\/2024\/02\/vwv-star.png\" alt=\"\" width=\"21\" height=\"21\">&nbsp;<a href=\"https:\/\/www.vorarlberger-walservereinigung.at\/vwvwp\/gebiete\/tirol\/\">Tirol<\/a>: Im \u00f6sterreichischen Bundesland Tirol, das \u00f6stlich an Vorarlberg angrenzt, liegt <a href=\"http:\/\/www.vorarlberger-walservereinigung.at\/vwvwp\/blons\/\">Galt\u00fcr<\/a>, die \u00f6stlichste aller Walsersiedlungen und heute die einzige in Tirol. In Tirol gab es fr\u00fcher auch noch weitere Walsersiedlungen, die Walser Sprache und Kultur hat sich aber nur in Galt\u00fcr erhalten.<\/p>\n<hr style=\"width: 810px; height: 1px;\" size=\"1\">\n<p>\n","protected":false},"excerpt":{"rendered":"<p>&nbsp;Gro\u00dfes Walsertal: Das Gro\u00dfe Walsertal ist ein Seitental des Walgaus. Es wird von der Lutz durchflossen und f\u00fchrt hinauf zum Faschinajoch, das den \u00dcbergang zum Bregenzerwald bildet. Im Gro\u00dfen Walsertal liegen die 6 Walsergemeinden Th\u00fcringerberg, St. Gerold, Blons, Raggal, Sonntag und Fontanella. &nbsp;Kleinwalsertal: Das Kleinwalsertal wird von der Breitach durchflossen und ist auf der Stra\u00dfe [&#8230;]<\/p>\n","protected":false},"author":1,"featured_media":0,"parent":0,"menu_order":0,"comment_status":"closed","ping_status":"closed","template":"","meta":{"ngg_post_thumbnail":0,"footnotes":""},"superkategorien":[],"class_list":["post-11409","page","type-page","status-publish","hentry"],"_links":{"self":[{"href":"https:\/\/www.vorarlberger-walservereinigung.at\/vwvwp\/wp-json\/wp\/v2\/pages\/11409","targetHints":{"allow":["GET"]}}],"collection":[{"href":"https:\/\/www.vorarlberger-walservereinigung.at\/vwvwp\/wp-json\/wp\/v2\/pages"}],"about":[{"href":"https:\/\/www.vorarlberger-walservereinigung.at\/vwvwp\/wp-json\/wp\/v2\/types\/page"}],"author":[{"embeddable":true,"href":"https:\/\/www.vorarlberger-walservereinigung.at\/vwvwp\/wp-json\/wp\/v2\/users\/1"}],"replies":[{"embeddable":true,"href":"https:\/\/www.vorarlberger-walservereinigung.at\/vwvwp\/wp-json\/wp\/v2\/comments?post=11409"}],"version-history":[{"count":30,"href":"https:\/\/www.vorarlberger-walservereinigung.at\/vwvwp\/wp-json\/wp\/v2\/pages\/11409\/revisions"}],"predecessor-version":[{"id":18889,"href":"https:\/\/www.vorarlberger-walservereinigung.at\/vwvwp\/wp-json\/wp\/v2\/pages\/11409\/revisions\/18889"}],"wp:attachment":[{"href":"https:\/\/www.vorarlberger-walservereinigung.at\/vwvwp\/wp-json\/wp\/v2\/media?parent=11409"}],"wp:term":[{"taxonomy":"superkategorien","embeddable":true,"href":"https:\/\/www.vorarlberger-walservereinigung.at\/vwvwp\/wp-json\/wp\/v2\/superkategorien?post=11409"}],"curies":[{"name":"wp","href":"https:\/\/api.w.org\/{rel}","templated":true}]}}